{"id":108,"date":"2017-02-21T18:24:41","date_gmt":"2017-02-21T17:24:41","guid":{"rendered":"https:\/\/www.reflexopieds.ch\/?page_id=108"},"modified":"2022-03-04T15:47:23","modified_gmt":"2022-03-04T14:47:23","slug":"pour-qui-2","status":"publish","type":"page","link":"https:\/\/www.reflexopieds.ch\/index.php\/la-reflexologie\/pour-qui-2\/","title":{"rendered":"A qui s&rsquo;adresse-t-elle ?"},"content":{"rendered":"\n<p><strong>La R\u00e9flexologie s&rsquo;adresse \u00e0 toute personne d\u00e9sirant am\u00e9liorer sa sant\u00e9 en douceur et s&rsquo;octroyer un moment de d\u00e9tente, de l&rsquo;enfant en bas \u00e2ge \u00e0 la personne \u00e2g\u00e9e.<\/strong><\/p>\n\n\n\n<h4 class=\"wp-block-heading\">Enfants<\/h4>\n\n\n\n<p>Les enfants sont particuli\u00e8rement r\u00e9ceptifs aux massages sous les pieds. Ils en retirent en g\u00e9n\u00e9ral un grand b\u00e9n\u00e9fice. On peut traiter de nombreuses pathologies chez les enfants, telles que diarrh\u00e9e, constipation, coliques, affections ORL, ainsi qu&rsquo;accompagner \u00e0 mieux g\u00e9rer les p\u00e9riodes de stress anciennes ou nouvelles (naissance difficile, sevrage, s\u00e9paration, agrandissement de la fratrie, etc.).<\/p>\n\n\n\n<p>Bien que les petits enfants appr\u00e9cient ces temps de d\u00e9tente, ils ne restent pas longtemps tranquilles, c&rsquo;est pourquoi les s\u00e9ances sont adapt\u00e9es \u00e0 leur \u00e2ge. Elles ne\u00a0durent qu&rsquo;une dizaine de\u00a0minutes pour les b\u00e9b\u00e9s et vont jusqu&rsquo;\u00e0\u00a030-45&prime;\u00a0pour les 8-10 ans.<\/p>\n\n\n\n<h4 class=\"wp-block-heading\">Adolescents<\/h4>\n\n\n\n<p>La r\u00e9flexologie peut apporter une solution int\u00e9ressante aux&nbsp;probl\u00e8mes de peau et de cheveux li\u00e9s aux changements hormonaux&nbsp;de cette p\u00e9riode. Elle pourra aussi aider les jeunes&nbsp;filles \u00e0 soulager les&nbsp;douleurs des premi\u00e8res r\u00e8gles, favoriser leur r\u00e9gularit\u00e9 et leur intensit\u00e9.<\/p>\n\n\n\n<p>Elle permettra aussi de diminuer le stress et l&rsquo;anxi\u00e9t\u00e9 li\u00e9s aux examens.<\/p>\n\n\n\n<h4 class=\"wp-block-heading\">Grossesse &#8211; Accouchement<\/h4>\n\n\n\n<p>Par principe de pr\u00e9caution je pr\u00e9f\u00e8re <strong>m&rsquo;abstenir de pratiquer des s\u00e9ances de r\u00e9flexologie durant le 1er trimestre<\/strong> (surtout s&rsquo;il y a un ant\u00e9c\u00e9dent de fausse couche).<\/p>\n\n\n\n<p>Par contre, le massage r\u00e9flexologique\u00a0peut apporter un soutien important durant le reste de la grossesse. Il aidera \u00e0 soulager les aigreurs\/acidit\u00e9s d&rsquo;estomac, les h\u00e9morro\u00efdes, les maux de dos, les sciatiques, la r\u00e9tention d&rsquo;eau et l&rsquo;inconfort g\u00e9n\u00e9ral. Il aura aussi\u00a0une action sur le sommeil, le stress, les tensions (physiques et mentales) et la fatigue.<\/p>\n\n\n\n<h4 class=\"wp-block-heading\">M\u00e9nopause<\/h4>\n\n\n\n<p>La r\u00e9flexologie apporte un soutien aux femmes qui pr\u00e9sentent des sympt\u00f4mes d\u00e9rangeants avant ou pendant cette p\u00e9riode, tels que bouff\u00e9es de chaleur, migraine, sautes d&rsquo;humeur, fatigue, etc.<\/p>\n\n\n\n<h4 class=\"wp-block-heading\">Personne \u00e2g\u00e9e<\/h4>\n\n\n\n<p>Cette m\u00e9thode aide \u00e0 soutenir\u00a0le dynamisme de la personne \u00e2g\u00e9e. Elle lui permet de conserver sa vitalit\u00e9, sa sant\u00e9 et de la souplesse. Lorsqu&rsquo;une op\u00e9ration articulaire (genou, hanche) est pr\u00e9vue, la r\u00e9flexologie permettra en amont de soutenir\u00a0le syst\u00e8me immunitaire affaibli par l&rsquo;anesth\u00e9sie\u00a0et de restaurer l&rsquo;\u00e9quilibre du corps et apr\u00e8s l&rsquo;intervention elle aide \u00e0 diminuer les douleurs, am\u00e9liorer la circulation sanguine dans la partie du corps concern\u00e9e.<\/p>\n","protected":false},"excerpt":{"rendered":"<p>La R\u00e9flexologie s&rsquo;adresse \u00e0 toute personne d\u00e9sirant am\u00e9liorer sa sant\u00e9 en douceur et s&rsquo;octroyer un moment de d\u00e9tente, de l&rsquo;enfant en bas \u00e2ge \u00e0 la personne \u00e2g\u00e9e. Enfants Les enfants sont particuli\u00e8rement r\u00e9ceptifs aux massages sous les pieds. Ils en&#8230; <a class=\"more-link\" href=\"https:\/\/www.reflexopieds.ch\/index.php\/la-reflexologie\/pour-qui-2\/\">Continue Reading &rarr;<\/a><\/p>\n","protected":false},"author":2,"featured_media":0,"parent":19,"menu_order":2,"comment_status":"closed","ping_status":"closed","template":"","meta":{"jetpack_post_was_ever_published":false,"footnotes":""},"class_list":["post-108","page","type-page","status-publish","hentry"],"jetpack_sharing_enabled":true,"jetpack_shortlink":"https:\/\/wp.me\/P8owQl-1K","jetpack-related-posts":[{"id":35,"url":"https:\/\/www.reflexopieds.ch\/index.php\/tarifs\/","url_meta":{"origin":108,"position":0},"title":"Tarifs","author":"admin8769","date":"11 f\u00e9vrier 2017","format":false,"excerpt":"Prix de la s\u00e9ance (env. 50-60 minutes) : 110.- chf\/h Les consultations se payent comptant ou par twint en fin de s\u00e9ance. Tarifs sp\u00e9ciaux : 1\u00e8re s\u00e9ance avec anamn\u00e8se approfondie (d'une dur\u00e9e de plus de 90 minutes) : 140.- chf Enfants jusqu'\u00e0 16 ans : 90.- chf\/h Remboursement par les\u2026","rel":"","context":"Article similaire","block_context":{"text":"Article similaire","link":""},"img":{"alt_text":"","src":"","width":0,"height":0},"classes":[]},{"id":21,"url":"https:\/\/www.reflexopieds.ch\/index.php\/la-reflexologie\/pour-qui\/","url_meta":{"origin":108,"position":1},"title":"Indications","author":"admin8769","date":"11 f\u00e9vrier 2017","format":false,"excerpt":"La r\u00e9flexologie permet d'am\u00e9liorer l'\u00e9tat de sant\u00e9 g\u00e9n\u00e9ral de la personne, de r\u00e9\u00e9quilibrer le fonctionnement du corps humain, de favoriser son auto-gu\u00e9rison et d'apporter une grande d\u00e9tente. Cette technique peut s'utiliser pour les troubles suivants : douleurs articulaires ou musculaires ;\u00a0troubles digestifs (constipation, diarrh\u00e9e, aigreur, difficult\u00e9 de digestion, ...) ;migraines,\u2026","rel":"","context":"Article similaire","block_context":{"text":"Article similaire","link":""},"img":{"alt_text":"","src":"","width":0,"height":0},"classes":[]},{"id":33,"url":"https:\/\/www.reflexopieds.ch\/index.php\/mon-parcours\/","url_meta":{"origin":108,"position":2},"title":"Mon parcours","author":"admin8769","date":"11 f\u00e9vrier 2017","format":false,"excerpt":"J'ai ouvert mon cabinet de r\u00e9flexoth\u00e9rapie en 2012, apr\u00e8s l'obtention de mon certificat de r\u00e9flexologue \u00e0 AGIR - Association genevoise des infirmi\u00e8res r\u00e9flexologues. En 2015, cette derni\u00e8re et deux autres associations romandes d'infirmi\u00e8res r\u00e9flexologues ont fusionn\u00e9 pour cr\u00e9er Pro R\u00e9flexo, Association des Professionnels de sant\u00e9 pratiquant la R\u00e9flexoth\u00e9rapie, dont je\u2026","rel":"","context":"Article similaire","block_context":{"text":"Article similaire","link":""},"img":{"alt_text":"","src":"","width":0,"height":0},"classes":[]},{"id":19,"url":"https:\/\/www.reflexopieds.ch\/index.php\/la-reflexologie\/","url_meta":{"origin":108,"position":3},"title":"La R\u00e9flexoth\u00e9rapie","author":"admin8769","date":"11 f\u00e9vrier 2017","format":false,"excerpt":"La r\u00e9flexoth\u00e9rapie est une technique th\u00e9rapeutique ancestrale, compl\u00e9mentaire \u00e0 la m\u00e9decine traditionnelle. Elle fait partie depuis 2016 des Th\u00e9rapies compl\u00e9mentaires reconnues par l'OrTra TC, qui d\u00e9livre un Dipl\u00f4me f\u00e9d\u00e9ral en Th\u00e9rapie compl\u00e9mentaire. La R\u00e9flexoth\u00e9rapie permet de soutenir les processus d\u2019auto-gu\u00e9rison et d'auto-r\u00e9gulation de l'organisme avec un regard holistique sur la\u2026","rel":"","context":"Article similaire","block_context":{"text":"Article similaire","link":""},"img":{"alt_text":"","src":"","width":0,"height":0},"classes":[]},{"id":26,"url":"https:\/\/www.reflexopieds.ch\/index.php\/la-reflexologie\/contre-indications\/","url_meta":{"origin":108,"position":4},"title":"Pr\u00e9cautions et contre-indications","author":"admin8769","date":"11 f\u00e9vrier 2017","format":false,"excerpt":"Le massage r\u00e9flexologique plantaire ne se pratique pas en cas de : plaies ouvertes ou ulc\u00e9rationentorse, fracture (pied, jambe)phase aigu\u00eb d'une infectionrisque de thrombosescalculs biliaires ou avec pr\u00e9caution\u00a0pour les cas de : diab\u00e8tegrossesse (pas durant le 1e trimestre, ensuite selon)mycose et verrue(s) : elles sont \u00e0 signaler. En cas de\u2026","rel":"","context":"Article similaire","block_context":{"text":"Article similaire","link":""},"img":{"alt_text":"","src":"","width":0,"height":0},"classes":[]},{"id":28,"url":"https:\/\/www.reflexopieds.ch\/index.php\/le-cabinet\/","url_meta":{"origin":108,"position":5},"title":"Le cabinet","author":"admin8769","date":"11 f\u00e9vrier 2017","format":false,"excerpt":"Vue int\u00e9rieure du cabinet Mon cabinet se situe \u00e0 la rue d'Oche 3a, \u00e0 Martigny, dans un quartier r\u00e9sidentiel calme, entour\u00e9 de verdure, \u00e0 5 minutes \u00e0 pied du centre-ville et \u00e0 15 minutes de la gare.\u00a0 Vous acc\u00e9dez au cabinet en tournant \u00e0 droite \u00e0 l'angle de la maison\u2026","rel":"","context":"Article similaire","block_context":{"text":"Article similaire","link":""},"img":{"alt_text":"","src":"https:\/\/i0.wp.com\/www.reflexopieds.ch\/wp-content\/uploads\/2017\/02\/IMG_5463.jpg?resize=350%2C200&ssl=1","width":350,"height":200,"srcset":"https:\/\/i0.wp.com\/www.reflexopieds.ch\/wp-content\/uploads\/2017\/02\/IMG_5463.jpg?resize=350%2C200&ssl=1 1x, https:\/\/i0.wp.com\/www.reflexopieds.ch\/wp-content\/uploads\/2017\/02\/IMG_5463.jpg?resize=525%2C300&ssl=1 1.5x, https:\/\/i0.wp.com\/www.reflexopieds.ch\/wp-content\/uploads\/2017\/02\/IMG_5463.jpg?resize=700%2C400&ssl=1 2x, https:\/\/i0.wp.com\/www.reflexopieds.ch\/wp-content\/uploads\/2017\/02\/IMG_5463.jpg?resize=1050%2C600&ssl=1 3x, https:\/\/i0.wp.com\/www.reflexopieds.ch\/wp-content\/uploads\/2017\/02\/IMG_5463.jpg?resize=1400%2C800&ssl=1 4x"},"classes":[]}],"_links":{"self":[{"href":"https:\/\/www.reflexopieds.ch\/index.php\/wp-json\/wp\/v2\/pages\/108"}],"collection":[{"href":"https:\/\/www.reflexopieds.ch\/index.php\/wp-json\/wp\/v2\/pages"}],"about":[{"href":"https:\/\/www.reflexopieds.ch\/index.php\/wp-json\/wp\/v2\/types\/page"}],"author":[{"embeddable":true,"href":"https:\/\/www.reflexopieds.ch\/index.php\/wp-json\/wp\/v2\/users\/2"}],"replies":[{"embeddable":true,"href":"https:\/\/www.reflexopieds.ch\/index.php\/wp-json\/wp\/v2\/comments?post=108"}],"version-history":[{"count":8,"href":"https:\/\/www.reflexopieds.ch\/index.php\/wp-json\/wp\/v2\/pages\/108\/revisions"}],"predecessor-version":[{"id":231,"href":"https:\/\/www.reflexopieds.ch\/index.php\/wp-json\/wp\/v2\/pages\/108\/revisions\/231"}],"up":[{"embeddable":true,"href":"https:\/\/www.reflexopieds.ch\/index.php\/wp-json\/wp\/v2\/pages\/19"}],"wp:attachment":[{"href":"https:\/\/www.reflexopieds.ch\/index.php\/wp-json\/wp\/v2\/media?parent=108"}],"curies":[{"name":"wp","href":"https:\/\/api.w.org\/{rel}","templated":true}]}}