{"id":132,"date":"2017-02-23T15:44:25","date_gmt":"2017-02-23T14:44:25","guid":{"rendered":"https:\/\/www.reflexopieds.ch\/?page_id=132"},"modified":"2023-11-24T19:55:02","modified_gmt":"2023-11-24T18:55:02","slug":"ethique-professionnelle","status":"publish","type":"page","link":"https:\/\/www.reflexopieds.ch\/index.php\/ethique-professionnelle\/","title":{"rendered":"Ethique professionnelle"},"content":{"rendered":"\n<p>En qualit\u00e9 de\u00a0reflexoth\u00e9rapeute, je souhaite une collaboration avec mes clients bas\u00e9e sur la confiance et empreinte de\u00a0respect mutuel.<\/p>\n\n\n\n<p><strong>Je m&rsquo;engage donc envers ma client\u00e8le&nbsp;\u00e0 :<\/strong><\/p>\n\n\n\n<ul class=\"wp-block-list\">\n<li>vous garantir&nbsp;le secret professionnel qui incombe \u00e0 ma fonction ;<\/li>\n\n\n\n<li>respecter votre int\u00e9grit\u00e9 physique et morale&nbsp;;<\/li>\n\n\n\n<li>veiller \u00e0 votre s\u00e9curit\u00e9 dans mon cabinet lors d&rsquo;un soin, mais aussi \u00e0 l&rsquo;entr\u00e9e du cabinet ;<\/li>\n\n\n\n<li>vous offrir un lieu d&rsquo;\u00e9coute et de partage sans jugement de valeur, ni influence quelconque de ma part ;<\/li>\n\n\n\n<li>vous donner toutes les informations utiles et n\u00e9cessaires \u00e0 une bonne prise en charge professionnelle&nbsp;;<\/li>\n\n\n\n<li>ne pas \u00e9tablir de diagnostic m\u00e9dical ;<\/li>\n\n\n\n<li>\u00eatre honn\u00eate sur mon diagnostic r\u00e9flexologique et mettre en \u0153uvre des objectifs de soins d&rsquo;un commun accord et toujours adapt\u00e9s \u00e0 votre situation ;<\/li>\n\n\n\n<li>ne pas prolonger un traitement si celui-ci n&rsquo;est plus n\u00e9cessaire ;<\/li>\n\n\n\n<li><span style=\"color: initial;\">ne pas modifier ou vous demander d&rsquo;interrompre votre traitement m\u00e9dical ;<\/span><\/li>\n\n\n\n<li>vous apporter des conseils de sant\u00e9, mais sans vous prescrire de m\u00e9dicaments ou autres substances ;<\/li>\n\n\n\n<li>vous conseiller de consulter votre m\u00e9decin ou un professionnel de sant\u00e9 dipl\u00f4m\u00e9, si vous pr\u00e9sentez\u00a0des sympt\u00f4mes anormaux ou alarmants, ou\u00a0tout autre th\u00e9rapeute comp\u00e9tent, si mes comp\u00e9tences ne suffisent plus ou pas\u00a0;<\/li>\n\n\n\n<li>pratiquer la r\u00e9flexoth\u00e9rapie\u00a0en partenariat pluridisciplinaire, faire le lien avec votre m\u00e9decin ou un autre intervenant m\u00e9dical ou th\u00e9rapeutique si n\u00e9cessaire, mais toujours avec votre accord ;<\/li>\n\n\n\n<li>garder \u00e0 l&rsquo;esprit que la r\u00e9flexoth\u00e9rapie est une m\u00e9thode th\u00e9rapeutique compl\u00e9mentaire\u00a0\u00e0 la m\u00e9decine allopathique ;<\/li>\n\n\n\n<li>entretenir mes connaissances et mes comp\u00e9tences acquises et en d\u00e9velopper de nouvelles&nbsp;en accomplissant r\u00e9guli\u00e8rement des&nbsp;formations continues reconnues.<\/li>\n<\/ul>\n\n\n\n<h4 class=\"wp-block-heading\">Associations professionnelles<\/h4>\n\n\n\n<p>Novembre 2022 : adh\u00e9sion au <a href=\"https:\/\/rme.ch\/\"><strong>RME<\/strong><\/a> &#8211; Registre de M\u00e9decine empirique ; reconnaissance par la Visana<\/p>\n\n\n\n<p>Mars 2016 : adh\u00e9sion \u00e0 l&rsquo;<a href=\"http:\/\/www.asca.ch\"><strong>ASCA<\/strong><\/a> &#8211; <em>Fondation suisse pour les m\u00e9decines compl\u00e9mentaires<\/em>.<\/p>\n\n\n\n<p>2015 : membre de <a href=\"http:\/\/www.proreflexo.ch\"><strong>Pro R\u00e9flexo<\/strong><\/a> &#8211; <em>Association des Professionnels de sant\u00e9 pratiquant la R\u00e9flexoth\u00e9rapie<\/em>.<\/p>\n\n\n\n<p>De 2012 \u00e0 2015 : membre de l&rsquo;AVIR &#8211;<em>Association vaudoise des Infirmi\u00e8res R\u00e9flexologues<\/em>.<\/p>\n\n\n\n<p><\/p>\n\n\n\n<h2 class=\"wp-block-heading\"><\/h2>\n\n\n\n<p><\/p>\n","protected":false},"excerpt":{"rendered":"<p>En qualit\u00e9 de\u00a0reflexoth\u00e9rapeute, je souhaite une collaboration avec mes clients bas\u00e9e sur la confiance et empreinte de\u00a0respect mutuel. Je m&rsquo;engage donc envers ma client\u00e8le&nbsp;\u00e0 : Associations professionnelles Novembre 2022 : adh\u00e9sion au RME &#8211; Registre de M\u00e9decine empirique ; reconnaissance&#8230; <a class=\"more-link\" href=\"https:\/\/www.reflexopieds.ch\/index.php\/ethique-professionnelle\/\">Continue Reading &rarr;<\/a><\/p>\n","protected":false},"author":2,"featured_media":0,"parent":0,"menu_order":3,"comment_status":"closed","ping_status":"closed","template":"","meta":{"jetpack_post_was_ever_published":false,"footnotes":""},"class_list":["post-132","page","type-page","status-publish","hentry"],"jetpack_sharing_enabled":true,"jetpack_shortlink":"https:\/\/wp.me\/P8owQl-28","jetpack-related-posts":[{"id":16,"url":"https:\/\/www.reflexopieds.ch\/","url_meta":{"origin":132,"position":0},"title":"Accueil","author":"admin8769","date":"11 f\u00e9vrier 2017","format":false,"excerpt":"Bienvenue\u00a0! LE CABINET EST ACTUELLEMENT FERM\u00c9 POUR RAISONS M\u00c9DICALES. MERCI DE VOTRE COMPR\u00c9HENSION ! Je suis heureuse de vous accueillir sur le site de mon cabinet. En vous y promenant, vous avez la possibilit\u00e9 d'obtenir des informations sur la r\u00e9flexoth\u00e9rapie en g\u00e9n\u00e9ral, la description de mon cabinet et sa localisation,\u2026","rel":"","context":"Article similaire","block_context":{"text":"Article similaire","link":""},"img":{"alt_text":"","src":"","width":0,"height":0},"classes":[]},{"id":35,"url":"https:\/\/www.reflexopieds.ch\/index.php\/tarifs\/","url_meta":{"origin":132,"position":1},"title":"Tarifs","author":"admin8769","date":"11 f\u00e9vrier 2017","format":false,"excerpt":"Prix de la s\u00e9ance (env. 50-60 minutes) : 110.- chf\/h Les consultations se payent comptant ou par twint en fin de s\u00e9ance. Tarifs sp\u00e9ciaux : 1\u00e8re s\u00e9ance avec anamn\u00e8se approfondie (d'une dur\u00e9e de plus de 90 minutes) : 140.- chf Enfants jusqu'\u00e0 16 ans : 90.- chf\/h Remboursement par les\u2026","rel":"","context":"Article similaire","block_context":{"text":"Article similaire","link":""},"img":{"alt_text":"","src":"","width":0,"height":0},"classes":[]},{"id":19,"url":"https:\/\/www.reflexopieds.ch\/index.php\/la-reflexologie\/","url_meta":{"origin":132,"position":2},"title":"La R\u00e9flexoth\u00e9rapie","author":"admin8769","date":"11 f\u00e9vrier 2017","format":false,"excerpt":"La r\u00e9flexoth\u00e9rapie est une technique th\u00e9rapeutique ancestrale, compl\u00e9mentaire \u00e0 la m\u00e9decine traditionnelle. Elle fait partie depuis 2016 des Th\u00e9rapies compl\u00e9mentaires reconnues par l'OrTra TC, qui d\u00e9livre un Dipl\u00f4me f\u00e9d\u00e9ral en Th\u00e9rapie compl\u00e9mentaire. La R\u00e9flexoth\u00e9rapie permet de soutenir les processus d\u2019auto-gu\u00e9rison et d'auto-r\u00e9gulation de l'organisme avec un regard holistique sur la\u2026","rel":"","context":"Article similaire","block_context":{"text":"Article similaire","link":""},"img":{"alt_text":"","src":"","width":0,"height":0},"classes":[]},{"id":28,"url":"https:\/\/www.reflexopieds.ch\/index.php\/le-cabinet\/","url_meta":{"origin":132,"position":3},"title":"Le cabinet","author":"admin8769","date":"11 f\u00e9vrier 2017","format":false,"excerpt":"Vue int\u00e9rieure du cabinet Mon cabinet se situe \u00e0 la rue d'Oche 3a, \u00e0 Martigny, dans un quartier r\u00e9sidentiel calme, entour\u00e9 de verdure, \u00e0 5 minutes \u00e0 pied du centre-ville et \u00e0 15 minutes de la gare.\u00a0 Vous acc\u00e9dez au cabinet en tournant \u00e0 droite \u00e0 l'angle de la maison\u2026","rel":"","context":"Article similaire","block_context":{"text":"Article similaire","link":""},"img":{"alt_text":"","src":"https:\/\/i0.wp.com\/www.reflexopieds.ch\/wp-content\/uploads\/2017\/02\/IMG_5463.jpg?resize=350%2C200&ssl=1","width":350,"height":200,"srcset":"https:\/\/i0.wp.com\/www.reflexopieds.ch\/wp-content\/uploads\/2017\/02\/IMG_5463.jpg?resize=350%2C200&ssl=1 1x, https:\/\/i0.wp.com\/www.reflexopieds.ch\/wp-content\/uploads\/2017\/02\/IMG_5463.jpg?resize=525%2C300&ssl=1 1.5x, https:\/\/i0.wp.com\/www.reflexopieds.ch\/wp-content\/uploads\/2017\/02\/IMG_5463.jpg?resize=700%2C400&ssl=1 2x, https:\/\/i0.wp.com\/www.reflexopieds.ch\/wp-content\/uploads\/2017\/02\/IMG_5463.jpg?resize=1050%2C600&ssl=1 3x, https:\/\/i0.wp.com\/www.reflexopieds.ch\/wp-content\/uploads\/2017\/02\/IMG_5463.jpg?resize=1400%2C800&ssl=1 4x"},"classes":[]},{"id":21,"url":"https:\/\/www.reflexopieds.ch\/index.php\/la-reflexologie\/pour-qui\/","url_meta":{"origin":132,"position":4},"title":"Indications","author":"admin8769","date":"11 f\u00e9vrier 2017","format":false,"excerpt":"La r\u00e9flexologie permet d'am\u00e9liorer l'\u00e9tat de sant\u00e9 g\u00e9n\u00e9ral de la personne, de r\u00e9\u00e9quilibrer le fonctionnement du corps humain, de favoriser son auto-gu\u00e9rison et d'apporter une grande d\u00e9tente. Cette technique peut s'utiliser pour les troubles suivants : douleurs articulaires ou musculaires ;\u00a0troubles digestifs (constipation, diarrh\u00e9e, aigreur, difficult\u00e9 de digestion, ...) ;migraines,\u2026","rel":"","context":"Article similaire","block_context":{"text":"Article similaire","link":""},"img":{"alt_text":"","src":"","width":0,"height":0},"classes":[]},{"id":33,"url":"https:\/\/www.reflexopieds.ch\/index.php\/mon-parcours\/","url_meta":{"origin":132,"position":5},"title":"Mon parcours","author":"admin8769","date":"11 f\u00e9vrier 2017","format":false,"excerpt":"J'ai ouvert mon cabinet de r\u00e9flexoth\u00e9rapie en 2012, apr\u00e8s l'obtention de mon certificat de r\u00e9flexologue \u00e0 AGIR - Association genevoise des infirmi\u00e8res r\u00e9flexologues. En 2015, cette derni\u00e8re et deux autres associations romandes d'infirmi\u00e8res r\u00e9flexologues ont fusionn\u00e9 pour cr\u00e9er Pro R\u00e9flexo, Association des Professionnels de sant\u00e9 pratiquant la R\u00e9flexoth\u00e9rapie, dont je\u2026","rel":"","context":"Article similaire","block_context":{"text":"Article similaire","link":""},"img":{"alt_text":"","src":"","width":0,"height":0},"classes":[]}],"_links":{"self":[{"href":"https:\/\/www.reflexopieds.ch\/index.php\/wp-json\/wp\/v2\/pages\/132"}],"collection":[{"href":"https:\/\/www.reflexopieds.ch\/index.php\/wp-json\/wp\/v2\/pages"}],"about":[{"href":"https:\/\/www.reflexopieds.ch\/index.php\/wp-json\/wp\/v2\/types\/page"}],"author":[{"embeddable":true,"href":"https:\/\/www.reflexopieds.ch\/index.php\/wp-json\/wp\/v2\/users\/2"}],"replies":[{"embeddable":true,"href":"https:\/\/www.reflexopieds.ch\/index.php\/wp-json\/wp\/v2\/comments?post=132"}],"version-history":[{"count":8,"href":"https:\/\/www.reflexopieds.ch\/index.php\/wp-json\/wp\/v2\/pages\/132\/revisions"}],"predecessor-version":[{"id":291,"href":"https:\/\/www.reflexopieds.ch\/index.php\/wp-json\/wp\/v2\/pages\/132\/revisions\/291"}],"wp:attachment":[{"href":"https:\/\/www.reflexopieds.ch\/index.php\/wp-json\/wp\/v2\/media?parent=132"}],"curies":[{"name":"wp","href":"https:\/\/api.w.org\/{rel}","templated":true}]}}