{"id":16,"date":"2017-02-11T14:43:20","date_gmt":"2017-02-11T13:43:20","guid":{"rendered":"http:\/\/reflexopieds.ch\/?page_id=16"},"modified":"2024-06-26T11:21:04","modified_gmt":"2024-06-26T09:21:04","slug":"accueil","status":"publish","type":"page","link":"https:\/\/www.reflexopieds.ch\/","title":{"rendered":"Accueil"},"content":{"rendered":"\n<h3 class=\"wp-block-heading\"><em>Bienvenue\u00a0!<\/em> <\/h3>\n\n\n\n<p><strong>LE CABINET EST ACTUELLEMENT FERM\u00c9 POUR RAISONS M\u00c9DICALES. MERCI DE VOTRE COMPR\u00c9HENSION !<\/strong><\/p>\n\n\n\n<p>Je suis heureuse de vous accueillir sur le site de mon cabinet.<\/p>\n\n\n\n<p>En vous y promenant, vous avez la possibilit\u00e9 d&rsquo;obtenir des informations sur la <a href=\"https:\/\/www.reflexopieds.ch\/index.php\/la-reflexologie\/\">r\u00e9flexoth\u00e9rapie <\/a>en g\u00e9n\u00e9ral, la description de mon <a href=\"https:\/\/www.reflexopieds.ch\/index.php\/le-cabinet\/\">cabinet et sa localisation<\/a>, mon <a href=\"http:\/\/reflexopieds.ch\/index.php\/mon-parcours\/\">parcours professionnel<\/a> ainsi que mes <a href=\"https:\/\/www.reflexopieds.ch\/index.php\/tarifs\/\">tarifs<\/a>.<\/p>\n\n\n\n<p>Je r\u00e9ponds \u00e0 vos questions via le <a href=\"https:\/\/www.reflexopieds.ch\/index.php\/contact\/\">formulaire de contact<\/a>&nbsp;ou par t\u00e9l\u00e9phone au <strong>077 471 09 39<\/strong>.<\/p>\n\n\n\n<p>Au plaisir de cheminer avec vous durant un temps de votre parcours de vie.<\/p>\n\n\n\n<p>Amicalement,<\/p>\n\n\n\n<p>Sarah Roth<\/p>\n","protected":false},"excerpt":{"rendered":"<p>Bienvenue\u00a0! LE CABINET EST ACTUELLEMENT FERM\u00c9 POUR RAISONS M\u00c9DICALES. MERCI DE VOTRE COMPR\u00c9HENSION ! Je suis heureuse de vous accueillir sur le site de mon cabinet. En vous y promenant, vous avez la possibilit\u00e9 d&rsquo;obtenir des informations sur la r\u00e9flexoth\u00e9rapie&#8230; <a class=\"more-link\" href=\"https:\/\/www.reflexopieds.ch\/\">Continue Reading &rarr;<\/a><\/p>\n","protected":false},"author":1,"featured_media":0,"parent":0,"menu_order":0,"comment_status":"closed","ping_status":"closed","template":"","meta":{"jetpack_post_was_ever_published":false,"footnotes":""},"class_list":["post-16","page","type-page","status-publish","hentry"],"jetpack_sharing_enabled":true,"jetpack_shortlink":"https:\/\/wp.me\/P8owQl-g","jetpack-related-posts":[{"id":28,"url":"https:\/\/www.reflexopieds.ch\/index.php\/le-cabinet\/","url_meta":{"origin":16,"position":0},"title":"Le cabinet","author":"admin8769","date":"11 f\u00e9vrier 2017","format":false,"excerpt":"Vue int\u00e9rieure du cabinet Mon cabinet se situe \u00e0 la rue d'Oche 3a, \u00e0 Martigny, dans un quartier r\u00e9sidentiel calme, entour\u00e9 de verdure, \u00e0 5 minutes \u00e0 pied du centre-ville et \u00e0 15 minutes de la gare.\u00a0 Vous acc\u00e9dez au cabinet en tournant \u00e0 droite \u00e0 l'angle de la maison\u2026","rel":"","context":"Article similaire","block_context":{"text":"Article similaire","link":""},"img":{"alt_text":"","src":"https:\/\/i0.wp.com\/www.reflexopieds.ch\/wp-content\/uploads\/2017\/02\/IMG_5463.jpg?resize=350%2C200&ssl=1","width":350,"height":200,"srcset":"https:\/\/i0.wp.com\/www.reflexopieds.ch\/wp-content\/uploads\/2017\/02\/IMG_5463.jpg?resize=350%2C200&ssl=1 1x, https:\/\/i0.wp.com\/www.reflexopieds.ch\/wp-content\/uploads\/2017\/02\/IMG_5463.jpg?resize=525%2C300&ssl=1 1.5x, https:\/\/i0.wp.com\/www.reflexopieds.ch\/wp-content\/uploads\/2017\/02\/IMG_5463.jpg?resize=700%2C400&ssl=1 2x, https:\/\/i0.wp.com\/www.reflexopieds.ch\/wp-content\/uploads\/2017\/02\/IMG_5463.jpg?resize=1050%2C600&ssl=1 3x, https:\/\/i0.wp.com\/www.reflexopieds.ch\/wp-content\/uploads\/2017\/02\/IMG_5463.jpg?resize=1400%2C800&ssl=1 4x"},"classes":[]},{"id":132,"url":"https:\/\/www.reflexopieds.ch\/index.php\/ethique-professionnelle\/","url_meta":{"origin":16,"position":1},"title":"Ethique professionnelle","author":"Sarah Roth","date":"23 f\u00e9vrier 2017","format":false,"excerpt":"En qualit\u00e9 de\u00a0reflexoth\u00e9rapeute, je souhaite une collaboration avec mes clients bas\u00e9e sur la confiance et empreinte de\u00a0respect mutuel. Je m'engage donc envers ma client\u00e8le\u00a0\u00e0 : vous garantir\u00a0le secret professionnel qui incombe \u00e0 ma fonction ; respecter votre int\u00e9grit\u00e9 physique et morale\u00a0; veiller \u00e0 votre s\u00e9curit\u00e9 dans mon cabinet lors d'un\u2026","rel":"","context":"Article similaire","block_context":{"text":"Article similaire","link":""},"img":{"alt_text":"","src":"","width":0,"height":0},"classes":[]},{"id":35,"url":"https:\/\/www.reflexopieds.ch\/index.php\/tarifs\/","url_meta":{"origin":16,"position":2},"title":"Tarifs","author":"admin8769","date":"11 f\u00e9vrier 2017","format":false,"excerpt":"Prix de la s\u00e9ance (env. 50-60 minutes) : 110.- chf\/h Les consultations se payent comptant ou par twint en fin de s\u00e9ance. Tarifs sp\u00e9ciaux : 1\u00e8re s\u00e9ance avec anamn\u00e8se approfondie (d'une dur\u00e9e de plus de 90 minutes) : 140.- chf Enfants jusqu'\u00e0 16 ans : 90.- chf\/h Remboursement par les\u2026","rel":"","context":"Article similaire","block_context":{"text":"Article similaire","link":""},"img":{"alt_text":"","src":"","width":0,"height":0},"classes":[]},{"id":33,"url":"https:\/\/www.reflexopieds.ch\/index.php\/mon-parcours\/","url_meta":{"origin":16,"position":3},"title":"Mon parcours","author":"admin8769","date":"11 f\u00e9vrier 2017","format":false,"excerpt":"J'ai ouvert mon cabinet de r\u00e9flexoth\u00e9rapie en 2012, apr\u00e8s l'obtention de mon certificat de r\u00e9flexologue \u00e0 AGIR - Association genevoise des infirmi\u00e8res r\u00e9flexologues. En 2015, cette derni\u00e8re et deux autres associations romandes d'infirmi\u00e8res r\u00e9flexologues ont fusionn\u00e9 pour cr\u00e9er Pro R\u00e9flexo, Association des Professionnels de sant\u00e9 pratiquant la R\u00e9flexoth\u00e9rapie, dont je\u2026","rel":"","context":"Article similaire","block_context":{"text":"Article similaire","link":""},"img":{"alt_text":"","src":"","width":0,"height":0},"classes":[]},{"id":19,"url":"https:\/\/www.reflexopieds.ch\/index.php\/la-reflexologie\/","url_meta":{"origin":16,"position":4},"title":"La R\u00e9flexoth\u00e9rapie","author":"admin8769","date":"11 f\u00e9vrier 2017","format":false,"excerpt":"La r\u00e9flexoth\u00e9rapie est une technique th\u00e9rapeutique ancestrale, compl\u00e9mentaire \u00e0 la m\u00e9decine traditionnelle. Elle fait partie depuis 2016 des Th\u00e9rapies compl\u00e9mentaires reconnues par l'OrTra TC, qui d\u00e9livre un Dipl\u00f4me f\u00e9d\u00e9ral en Th\u00e9rapie compl\u00e9mentaire. La R\u00e9flexoth\u00e9rapie permet de soutenir les processus d\u2019auto-gu\u00e9rison et d'auto-r\u00e9gulation de l'organisme avec un regard holistique sur la\u2026","rel":"","context":"Article similaire","block_context":{"text":"Article similaire","link":""},"img":{"alt_text":"","src":"","width":0,"height":0},"classes":[]},{"id":26,"url":"https:\/\/www.reflexopieds.ch\/index.php\/la-reflexologie\/contre-indications\/","url_meta":{"origin":16,"position":5},"title":"Pr\u00e9cautions et contre-indications","author":"admin8769","date":"11 f\u00e9vrier 2017","format":false,"excerpt":"Le massage r\u00e9flexologique plantaire ne se pratique pas en cas de : plaies ouvertes ou ulc\u00e9rationentorse, fracture (pied, jambe)phase aigu\u00eb d'une infectionrisque de thrombosescalculs biliaires ou avec pr\u00e9caution\u00a0pour les cas de : diab\u00e8tegrossesse (pas durant le 1e trimestre, ensuite selon)mycose et verrue(s) : elles sont \u00e0 signaler. En cas de\u2026","rel":"","context":"Article similaire","block_context":{"text":"Article similaire","link":""},"img":{"alt_text":"","src":"","width":0,"height":0},"classes":[]}],"_links":{"self":[{"href":"https:\/\/www.reflexopieds.ch\/index.php\/wp-json\/wp\/v2\/pages\/16"}],"collection":[{"href":"https:\/\/www.reflexopieds.ch\/index.php\/wp-json\/wp\/v2\/pages"}],"about":[{"href":"https:\/\/www.reflexopieds.ch\/index.php\/wp-json\/wp\/v2\/types\/page"}],"author":[{"embeddable":true,"href":"https:\/\/www.reflexopieds.ch\/index.php\/wp-json\/wp\/v2\/users\/1"}],"replies":[{"embeddable":true,"href":"https:\/\/www.reflexopieds.ch\/index.php\/wp-json\/wp\/v2\/comments?post=16"}],"version-history":[{"count":24,"href":"https:\/\/www.reflexopieds.ch\/index.php\/wp-json\/wp\/v2\/pages\/16\/revisions"}],"predecessor-version":[{"id":378,"href":"https:\/\/www.reflexopieds.ch\/index.php\/wp-json\/wp\/v2\/pages\/16\/revisions\/378"}],"wp:attachment":[{"href":"https:\/\/www.reflexopieds.ch\/index.php\/wp-json\/wp\/v2\/media?parent=16"}],"curies":[{"name":"wp","href":"https:\/\/api.w.org\/{rel}","templated":true}]}}