{"id":21,"date":"2017-02-11T14:51:49","date_gmt":"2017-02-11T13:51:49","guid":{"rendered":"http:\/\/reflexopieds.ch\/?page_id=21"},"modified":"2022-03-04T15:38:29","modified_gmt":"2022-03-04T14:38:29","slug":"pour-qui","status":"publish","type":"page","link":"https:\/\/www.reflexopieds.ch\/index.php\/la-reflexologie\/pour-qui\/","title":{"rendered":"Indications"},"content":{"rendered":"\n<p>La <strong>r\u00e9flexologie<\/strong> permet d&rsquo;am\u00e9liorer l&rsquo;\u00e9tat de sant\u00e9 g\u00e9n\u00e9ral de la personne, de r\u00e9\u00e9quilibrer le fonctionnement du corps humain, de favoriser son auto-gu\u00e9rison et d&rsquo;apporter une grande d\u00e9tente.<\/p>\n\n\n\n<p><span style=\"font-weight: 400;\">Cette technique peut s&rsquo;utiliser pour les troubles suivants :<\/span><\/p>\n\n\n\n<ul class=\"wp-block-list\"><li><span style=\"font-weight: 400;\">douleurs articulaires ou musculaires ;\u00a0<\/span><\/li><li><span style=\"font-weight: 400;\">troubles digestifs (constipation, diarrh\u00e9e, aigreur, difficult\u00e9 de digestion, &#8230;) ;<\/span><\/li><li><span style=\"font-weight: 400;\">migraines, maux de t\u00eate ;<\/span><\/li><li>affections ORL (rhume, toux, otites, sinusite, &#8230;) ;<\/li><li>troubles urinaires et r\u00e9naux* ;<\/li><li>allergies, probl\u00e8mes cutan\u00e9s (ecz\u00e9ma, &#8230;) ;<\/li><li><span style=\"font-weight: 400;\">stress, angoisse, fatigue chronique, insomnies, troubles \u00e9motionnels ;<\/span><\/li><li>hyperactivit\u00e9, troubles de l&rsquo;attention ;<\/li><li>fibromyalgie, rhumatismes, scl\u00e9rose en plaque* ;<\/li><li>troubles menstruels (pubert\u00e9, m\u00e9nopause) ;<\/li><li>impatience, jambes sans repos ;<\/li><li>diab\u00e8te* ;<\/li><li>cancer* ;<\/li><li>en soutien post-chirurgical* (\u00e0 \u00e9valuer au cas par cas).<\/li><\/ul>\n\n\n\n<p>Les b\u00e9n\u00e9fices d&rsquo;un traitement r\u00e9flexologique seront renforc\u00e9s par une bonne hygi\u00e8ne de vie (par ex. alimentation \u00e9quilibr\u00e9e, sommeil de qualit\u00e9, pratique d&rsquo;une activit\u00e9 sportive, &#8230;)<\/p>\n\n\n\n<p><strong>La r\u00e9flexologie ne se substitue en aucun cas \u00e0 un traitement m\u00e9dical et n&rsquo;a pas de valeur diagnostique.<\/strong><\/p>\n\n\n\n<p>*Dans le cas\u00a0<span style=\"font-weight: 400;\">de probl\u00e8mes complexes, tels que\u00a0diab\u00e8te, pathologies r\u00e9nales ou\u00a0cardiaques, cancer, scl\u00e9rose en plaque, etc.,\u00a0<strong>je vous demande d&rsquo;avertir votre m\u00e9decin que vous souhaitez entreprendre un suivi en r\u00e9flexologie<\/strong> afin d&rsquo;avoir son accord et de garantir votre\u00a0s\u00e9curit\u00e9. Cela permet aussi de travailler dans un esprit de partenariat et de confiance.<\/span><\/p>\n","protected":false},"excerpt":{"rendered":"<p>La r\u00e9flexologie permet d&rsquo;am\u00e9liorer l&rsquo;\u00e9tat de sant\u00e9 g\u00e9n\u00e9ral de la personne, de r\u00e9\u00e9quilibrer le fonctionnement du corps humain, de favoriser son auto-gu\u00e9rison et d&rsquo;apporter une grande d\u00e9tente. Cette technique peut s&rsquo;utiliser pour les troubles suivants : douleurs articulaires ou musculaires&#8230; <a class=\"more-link\" href=\"https:\/\/www.reflexopieds.ch\/index.php\/la-reflexologie\/pour-qui\/\">Continue Reading &rarr;<\/a><\/p>\n","protected":false},"author":1,"featured_media":0,"parent":19,"menu_order":1,"comment_status":"closed","ping_status":"closed","template":"","meta":{"jetpack_post_was_ever_published":false,"footnotes":""},"class_list":["post-21","page","type-page","status-publish","hentry"],"jetpack_sharing_enabled":true,"jetpack_shortlink":"https:\/\/wp.me\/P8owQl-l","jetpack-related-posts":[{"id":33,"url":"https:\/\/www.reflexopieds.ch\/index.php\/mon-parcours\/","url_meta":{"origin":21,"position":0},"title":"Mon parcours","author":"admin8769","date":"11 f\u00e9vrier 2017","format":false,"excerpt":"J'ai ouvert mon cabinet de r\u00e9flexoth\u00e9rapie en 2012, apr\u00e8s l'obtention de mon certificat de r\u00e9flexologue \u00e0 AGIR - Association genevoise des infirmi\u00e8res r\u00e9flexologues. En 2015, cette derni\u00e8re et deux autres associations romandes d'infirmi\u00e8res r\u00e9flexologues ont fusionn\u00e9 pour cr\u00e9er Pro R\u00e9flexo, Association des Professionnels de sant\u00e9 pratiquant la R\u00e9flexoth\u00e9rapie, dont je\u2026","rel":"","context":"Article similaire","block_context":{"text":"Article similaire","link":""},"img":{"alt_text":"","src":"","width":0,"height":0},"classes":[]},{"id":91,"url":"https:\/\/www.reflexopieds.ch\/index.php\/la-reflexologie\/historique\/","url_meta":{"origin":21,"position":1},"title":"Historique","author":"Sarah Roth","date":"20 f\u00e9vrier 2017","format":false,"excerpt":"Cette technique trouverait son origine durant l'Antiquit\u00e9 en Egypte et en Chine. Ce n'est qu'au XIXe si\u00e8cle qu'elle se d\u00e9veloppe en Occident gr\u00e2ce aux recherches de scientifiques, m\u00e9decins,\u00a0infirmi\u00e8res et autres th\u00e9rapeutes. A force de pratique et d'observation, ils ont\u00a0repr\u00e9sent\u00e9 nos organes, leurs fonctions et notre squelette sur et sous nos\u2026","rel":"","context":"Article similaire","block_context":{"text":"Article similaire","link":""},"img":{"alt_text":"","src":"","width":0,"height":0},"classes":[]},{"id":108,"url":"https:\/\/www.reflexopieds.ch\/index.php\/la-reflexologie\/pour-qui-2\/","url_meta":{"origin":21,"position":2},"title":"A qui s&rsquo;adresse-t-elle ?","author":"Sarah Roth","date":"21 f\u00e9vrier 2017","format":false,"excerpt":"La R\u00e9flexologie s'adresse \u00e0 toute personne d\u00e9sirant am\u00e9liorer sa sant\u00e9 en douceur et s'octroyer un moment de d\u00e9tente, de l'enfant en bas \u00e2ge \u00e0 la personne \u00e2g\u00e9e. Enfants Les enfants sont particuli\u00e8rement r\u00e9ceptifs aux massages sous les pieds. Ils en retirent en g\u00e9n\u00e9ral un grand b\u00e9n\u00e9fice. On peut traiter de\u2026","rel":"","context":"Article similaire","block_context":{"text":"Article similaire","link":""},"img":{"alt_text":"","src":"","width":0,"height":0},"classes":[]},{"id":132,"url":"https:\/\/www.reflexopieds.ch\/index.php\/ethique-professionnelle\/","url_meta":{"origin":21,"position":3},"title":"Ethique professionnelle","author":"Sarah Roth","date":"23 f\u00e9vrier 2017","format":false,"excerpt":"En qualit\u00e9 de\u00a0reflexoth\u00e9rapeute, je souhaite une collaboration avec mes clients bas\u00e9e sur la confiance et empreinte de\u00a0respect mutuel. Je m'engage donc envers ma client\u00e8le\u00a0\u00e0 : vous garantir\u00a0le secret professionnel qui incombe \u00e0 ma fonction ; respecter votre int\u00e9grit\u00e9 physique et morale\u00a0; veiller \u00e0 votre s\u00e9curit\u00e9 dans mon cabinet lors d'un\u2026","rel":"","context":"Article similaire","block_context":{"text":"Article similaire","link":""},"img":{"alt_text":"","src":"","width":0,"height":0},"classes":[]},{"id":26,"url":"https:\/\/www.reflexopieds.ch\/index.php\/la-reflexologie\/contre-indications\/","url_meta":{"origin":21,"position":4},"title":"Pr\u00e9cautions et contre-indications","author":"admin8769","date":"11 f\u00e9vrier 2017","format":false,"excerpt":"Le massage r\u00e9flexologique plantaire ne se pratique pas en cas de : plaies ouvertes ou ulc\u00e9rationentorse, fracture (pied, jambe)phase aigu\u00eb d'une infectionrisque de thrombosescalculs biliaires ou avec pr\u00e9caution\u00a0pour les cas de : diab\u00e8tegrossesse (pas durant le 1e trimestre, ensuite selon)mycose et verrue(s) : elles sont \u00e0 signaler. En cas de\u2026","rel":"","context":"Article similaire","block_context":{"text":"Article similaire","link":""},"img":{"alt_text":"","src":"","width":0,"height":0},"classes":[]},{"id":19,"url":"https:\/\/www.reflexopieds.ch\/index.php\/la-reflexologie\/","url_meta":{"origin":21,"position":5},"title":"La R\u00e9flexoth\u00e9rapie","author":"admin8769","date":"11 f\u00e9vrier 2017","format":false,"excerpt":"La r\u00e9flexoth\u00e9rapie est une technique th\u00e9rapeutique ancestrale, compl\u00e9mentaire \u00e0 la m\u00e9decine traditionnelle. Elle fait partie depuis 2016 des Th\u00e9rapies compl\u00e9mentaires reconnues par l'OrTra TC, qui d\u00e9livre un Dipl\u00f4me f\u00e9d\u00e9ral en Th\u00e9rapie compl\u00e9mentaire. La R\u00e9flexoth\u00e9rapie permet de soutenir les processus d\u2019auto-gu\u00e9rison et d'auto-r\u00e9gulation de l'organisme avec un regard holistique sur la\u2026","rel":"","context":"Article similaire","block_context":{"text":"Article similaire","link":""},"img":{"alt_text":"","src":"","width":0,"height":0},"classes":[]}],"_links":{"self":[{"href":"https:\/\/www.reflexopieds.ch\/index.php\/wp-json\/wp\/v2\/pages\/21"}],"collection":[{"href":"https:\/\/www.reflexopieds.ch\/index.php\/wp-json\/wp\/v2\/pages"}],"about":[{"href":"https:\/\/www.reflexopieds.ch\/index.php\/wp-json\/wp\/v2\/types\/page"}],"author":[{"embeddable":true,"href":"https:\/\/www.reflexopieds.ch\/index.php\/wp-json\/wp\/v2\/users\/1"}],"replies":[{"embeddable":true,"href":"https:\/\/www.reflexopieds.ch\/index.php\/wp-json\/wp\/v2\/comments?post=21"}],"version-history":[{"count":9,"href":"https:\/\/www.reflexopieds.ch\/index.php\/wp-json\/wp\/v2\/pages\/21\/revisions"}],"predecessor-version":[{"id":229,"href":"https:\/\/www.reflexopieds.ch\/index.php\/wp-json\/wp\/v2\/pages\/21\/revisions\/229"}],"up":[{"embeddable":true,"href":"https:\/\/www.reflexopieds.ch\/index.php\/wp-json\/wp\/v2\/pages\/19"}],"wp:attachment":[{"href":"https:\/\/www.reflexopieds.ch\/index.php\/wp-json\/wp\/v2\/media?parent=21"}],"curies":[{"name":"wp","href":"https:\/\/api.w.org\/{rel}","templated":true}]}}