{"id":26,"date":"2017-02-11T15:19:35","date_gmt":"2017-02-11T14:19:35","guid":{"rendered":"http:\/\/reflexopieds.ch\/?page_id=26"},"modified":"2022-03-04T15:52:34","modified_gmt":"2022-03-04T14:52:34","slug":"contre-indications","status":"publish","type":"page","link":"https:\/\/www.reflexopieds.ch\/index.php\/la-reflexologie\/contre-indications\/","title":{"rendered":"Pr\u00e9cautions et contre-indications"},"content":{"rendered":"\n<p>Le massage r\u00e9flexologique plantaire ne se pratique pas en cas de :<\/p>\n\n\n\n<ul class=\"wp-block-list\"><li>plaies ouvertes ou ulc\u00e9ration<\/li><li>entorse, fracture (pied, jambe)<\/li><li>phase aigu\u00eb d&rsquo;une infection<\/li><li>risque de thromboses<\/li><li>calculs biliaires<\/li><\/ul>\n\n\n\n<p>ou avec pr\u00e9caution&nbsp;pour les cas de :<\/p>\n\n\n\n<ul class=\"wp-block-list\"><li>diab\u00e8te<\/li><li>grossesse (pas durant le 1e trimestre, ensuite selon)<\/li><li>mycose et verrue(s) : elles sont \u00e0 signaler. En cas de zone atteinte tr\u00e8s \u00e9tendue, je vous demanderais de d&rsquo;abord soigner votre peau et ensuite lorsque la peau sera devenue saine de reprendre rendez-vous. Merci de votre compr\u00e9hension!<\/li><\/ul>\n","protected":false},"excerpt":{"rendered":"<p>Le massage r\u00e9flexologique plantaire ne se pratique pas en cas de : plaies ouvertes ou ulc\u00e9ration entorse, fracture (pied, jambe) phase aigu\u00eb d&rsquo;une infection risque de thromboses calculs biliaires ou avec pr\u00e9caution&nbsp;pour les cas de : diab\u00e8te grossesse (pas durant&#8230; <a class=\"more-link\" href=\"https:\/\/www.reflexopieds.ch\/index.php\/la-reflexologie\/contre-indications\/\">Continue Reading &rarr;<\/a><\/p>\n","protected":false},"author":1,"featured_media":0,"parent":19,"menu_order":3,"comment_status":"closed","ping_status":"closed","template":"","meta":{"jetpack_post_was_ever_published":false,"footnotes":""},"class_list":["post-26","page","type-page","status-publish","hentry"],"jetpack_sharing_enabled":true,"jetpack_shortlink":"https:\/\/wp.me\/P8owQl-q","jetpack-related-posts":[{"id":21,"url":"https:\/\/www.reflexopieds.ch\/index.php\/la-reflexologie\/pour-qui\/","url_meta":{"origin":26,"position":0},"title":"Indications","author":"admin8769","date":"11 f\u00e9vrier 2017","format":false,"excerpt":"La r\u00e9flexologie permet d'am\u00e9liorer l'\u00e9tat de sant\u00e9 g\u00e9n\u00e9ral de la personne, de r\u00e9\u00e9quilibrer le fonctionnement du corps humain, de favoriser son auto-gu\u00e9rison et d'apporter une grande d\u00e9tente. Cette technique peut s'utiliser pour les troubles suivants : douleurs articulaires ou musculaires ;\u00a0troubles digestifs (constipation, diarrh\u00e9e, aigreur, difficult\u00e9 de digestion, ...) ;migraines,\u2026","rel":"","context":"Article similaire","block_context":{"text":"Article similaire","link":""},"img":{"alt_text":"","src":"","width":0,"height":0},"classes":[]},{"id":132,"url":"https:\/\/www.reflexopieds.ch\/index.php\/ethique-professionnelle\/","url_meta":{"origin":26,"position":1},"title":"Ethique professionnelle","author":"Sarah Roth","date":"23 f\u00e9vrier 2017","format":false,"excerpt":"En qualit\u00e9 de\u00a0reflexoth\u00e9rapeute, je souhaite une collaboration avec mes clients bas\u00e9e sur la confiance et empreinte de\u00a0respect mutuel. Je m'engage donc envers ma client\u00e8le\u00a0\u00e0 : vous garantir\u00a0le secret professionnel qui incombe \u00e0 ma fonction ; respecter votre int\u00e9grit\u00e9 physique et morale\u00a0; veiller \u00e0 votre s\u00e9curit\u00e9 dans mon cabinet lors d'un\u2026","rel":"","context":"Article similaire","block_context":{"text":"Article similaire","link":""},"img":{"alt_text":"","src":"","width":0,"height":0},"classes":[]},{"id":35,"url":"https:\/\/www.reflexopieds.ch\/index.php\/tarifs\/","url_meta":{"origin":26,"position":2},"title":"Tarifs","author":"admin8769","date":"11 f\u00e9vrier 2017","format":false,"excerpt":"Prix de la s\u00e9ance (env. 50-60 minutes) : 110.- chf\/h Les consultations se payent comptant ou par twint en fin de s\u00e9ance. Tarifs sp\u00e9ciaux : 1\u00e8re s\u00e9ance avec anamn\u00e8se approfondie (d'une dur\u00e9e de plus de 90 minutes) : 140.- chf Enfants jusqu'\u00e0 16 ans : 90.- chf\/h Remboursement par les\u2026","rel":"","context":"Article similaire","block_context":{"text":"Article similaire","link":""},"img":{"alt_text":"","src":"","width":0,"height":0},"classes":[]},{"id":19,"url":"https:\/\/www.reflexopieds.ch\/index.php\/la-reflexologie\/","url_meta":{"origin":26,"position":3},"title":"La R\u00e9flexoth\u00e9rapie","author":"admin8769","date":"11 f\u00e9vrier 2017","format":false,"excerpt":"La r\u00e9flexoth\u00e9rapie est une technique th\u00e9rapeutique ancestrale, compl\u00e9mentaire \u00e0 la m\u00e9decine traditionnelle. Elle fait partie depuis 2016 des Th\u00e9rapies compl\u00e9mentaires reconnues par l'OrTra TC, qui d\u00e9livre un Dipl\u00f4me f\u00e9d\u00e9ral en Th\u00e9rapie compl\u00e9mentaire. La R\u00e9flexoth\u00e9rapie permet de soutenir les processus d\u2019auto-gu\u00e9rison et d'auto-r\u00e9gulation de l'organisme avec un regard holistique sur la\u2026","rel":"","context":"Article similaire","block_context":{"text":"Article similaire","link":""},"img":{"alt_text":"","src":"","width":0,"height":0},"classes":[]},{"id":16,"url":"https:\/\/www.reflexopieds.ch\/","url_meta":{"origin":26,"position":4},"title":"Accueil","author":"admin8769","date":"11 f\u00e9vrier 2017","format":false,"excerpt":"Bienvenue\u00a0! LE CABINET EST ACTUELLEMENT FERM\u00c9 POUR RAISONS M\u00c9DICALES. MERCI DE VOTRE COMPR\u00c9HENSION ! Je suis heureuse de vous accueillir sur le site de mon cabinet. En vous y promenant, vous avez la possibilit\u00e9 d'obtenir des informations sur la r\u00e9flexoth\u00e9rapie en g\u00e9n\u00e9ral, la description de mon cabinet et sa localisation,\u2026","rel":"","context":"Article similaire","block_context":{"text":"Article similaire","link":""},"img":{"alt_text":"","src":"","width":0,"height":0},"classes":[]},{"id":28,"url":"https:\/\/www.reflexopieds.ch\/index.php\/le-cabinet\/","url_meta":{"origin":26,"position":5},"title":"Le cabinet","author":"admin8769","date":"11 f\u00e9vrier 2017","format":false,"excerpt":"Vue int\u00e9rieure du cabinet Mon cabinet se situe \u00e0 la rue d'Oche 3a, \u00e0 Martigny, dans un quartier r\u00e9sidentiel calme, entour\u00e9 de verdure, \u00e0 5 minutes \u00e0 pied du centre-ville et \u00e0 15 minutes de la gare.\u00a0 Vous acc\u00e9dez au cabinet en tournant \u00e0 droite \u00e0 l'angle de la maison\u2026","rel":"","context":"Article similaire","block_context":{"text":"Article similaire","link":""},"img":{"alt_text":"","src":"https:\/\/i0.wp.com\/www.reflexopieds.ch\/wp-content\/uploads\/2017\/02\/IMG_5463.jpg?resize=350%2C200&ssl=1","width":350,"height":200,"srcset":"https:\/\/i0.wp.com\/www.reflexopieds.ch\/wp-content\/uploads\/2017\/02\/IMG_5463.jpg?resize=350%2C200&ssl=1 1x, https:\/\/i0.wp.com\/www.reflexopieds.ch\/wp-content\/uploads\/2017\/02\/IMG_5463.jpg?resize=525%2C300&ssl=1 1.5x, https:\/\/i0.wp.com\/www.reflexopieds.ch\/wp-content\/uploads\/2017\/02\/IMG_5463.jpg?resize=700%2C400&ssl=1 2x, https:\/\/i0.wp.com\/www.reflexopieds.ch\/wp-content\/uploads\/2017\/02\/IMG_5463.jpg?resize=1050%2C600&ssl=1 3x, https:\/\/i0.wp.com\/www.reflexopieds.ch\/wp-content\/uploads\/2017\/02\/IMG_5463.jpg?resize=1400%2C800&ssl=1 4x"},"classes":[]}],"_links":{"self":[{"href":"https:\/\/www.reflexopieds.ch\/index.php\/wp-json\/wp\/v2\/pages\/26"}],"collection":[{"href":"https:\/\/www.reflexopieds.ch\/index.php\/wp-json\/wp\/v2\/pages"}],"about":[{"href":"https:\/\/www.reflexopieds.ch\/index.php\/wp-json\/wp\/v2\/types\/page"}],"author":[{"embeddable":true,"href":"https:\/\/www.reflexopieds.ch\/index.php\/wp-json\/wp\/v2\/users\/1"}],"replies":[{"embeddable":true,"href":"https:\/\/www.reflexopieds.ch\/index.php\/wp-json\/wp\/v2\/comments?post=26"}],"version-history":[{"count":5,"href":"https:\/\/www.reflexopieds.ch\/index.php\/wp-json\/wp\/v2\/pages\/26\/revisions"}],"predecessor-version":[{"id":233,"href":"https:\/\/www.reflexopieds.ch\/index.php\/wp-json\/wp\/v2\/pages\/26\/revisions\/233"}],"up":[{"embeddable":true,"href":"https:\/\/www.reflexopieds.ch\/index.php\/wp-json\/wp\/v2\/pages\/19"}],"wp:attachment":[{"href":"https:\/\/www.reflexopieds.ch\/index.php\/wp-json\/wp\/v2\/media?parent=26"}],"curies":[{"name":"wp","href":"https:\/\/api.w.org\/{rel}","templated":true}]}}