{"id":33,"date":"2017-02-11T15:49:17","date_gmt":"2017-02-11T14:49:17","guid":{"rendered":"http:\/\/reflexopieds.ch\/?page_id=33"},"modified":"2023-11-24T19:07:58","modified_gmt":"2023-11-24T18:07:58","slug":"mon-parcours","status":"publish","type":"page","link":"https:\/\/www.reflexopieds.ch\/index.php\/mon-parcours\/","title":{"rendered":"Mon parcours"},"content":{"rendered":"\n<p>J&rsquo;ai ouvert mon cabinet de r\u00e9flexoth\u00e9rapie en 2012, apr\u00e8s l&rsquo;obtention de mon <strong>certificat de r\u00e9flexologue<\/strong> \u00e0 AGIR &#8211; Association genevoise des infirmi\u00e8res r\u00e9flexologues. En 2015, cette derni\u00e8re et deux autres associations romandes d&rsquo;infirmi\u00e8res r\u00e9flexologues ont fusionn\u00e9 pour cr\u00e9er <a href=\"https:\/\/www.proreflexo.ch\/\">Pro R\u00e9flexo<\/a>, <em>Association des Professionnels de sant\u00e9 pratiquant la R\u00e9flexoth\u00e9rapie<\/em>, dont je suis membre depuis sa cr\u00e9ation. Je d\u00e9cide deux ans plus tard de m&rsquo;investir d&rsquo;avantage pour la r\u00e9flexologie et je rejoins le comit\u00e9 en tant que secr\u00e9taire. En 2021, je reprends la vice-pr\u00e9sidence tout en conservant la charge du secr\u00e9tariat et depuis 2023 j&rsquo;en suis d\u00e9sormais la pr\u00e9sidente. Mes nombreux engagements \u00e0 Pro R\u00e9flexo me donnent l&rsquo;occasion de collaborer avec d&rsquo;autres r\u00e9flexoth\u00e9rapeutes, mais aussi des th\u00e9rapeutes d&rsquo;autres m\u00e9thodes et d&rsquo;enrichir ma pratique.<\/p>\n\n\n\n<p>Entre 2012 et 2023, le monde de la r\u00e9flexologie a v\u00e9cu de grands bouleversements. Gr\u00e2ce \u00e0 un travail de longue haleine de coll\u00e8gues th\u00e9rapeutes engag\u00e9es, notre profession est entr\u00e9e \u00e0 l&rsquo;OrTra TC et est devenue une <a href=\"https:\/\/www.xn--komplementr-therapie-kzb.ch\/fr\/\">th\u00e9rapie compl\u00e9mentaire<\/a>, la r\u00e9flexoth\u00e9rapie. Un des buts de notre association est de promouvoir la r\u00e9flexoth\u00e9rapie au sein de la population, des professionnels de la sant\u00e9 et des institutions. Nous aidons et soutenons entre autres nos coll\u00e8gues r\u00e9flexoth\u00e9rapeutes dans leur d\u00e9marche en cabinet ou pour de la formation continue de qualit\u00e9. J&rsquo;appr\u00e9cie \u00e9norm\u00e9ment travailler au bien commun et rendre service \u00e0 l&rsquo;autre &#8211; tendre la main.<\/p>\n\n\n\n<p>En 2022, j&rsquo;ai obtenu le titre de <a href=\"https:\/\/www.xn--komplementr-therapie-kzb.ch\/fr\/tc-methodes\/\">Th\u00e9rapeute compl\u00e9mentaire avec certificat de branche, m\u00e9thode R\u00e9flexoth\u00e9rapie<\/a>, ce qui me permettra de m&rsquo;inscrire \u00e0 l&rsquo;examen du Dipl\u00f4me f\u00e9d\u00e9ral de Th\u00e9rapeute compl\u00e9mentaire dans un avenir proche. Ce titre me permet aussi d&rsquo;\u00eatre reconnue par toutes les assurances maladies compl\u00e9mentaires (LCA).<\/p>\n\n\n\n<p>En parall\u00e8le, j&rsquo;ai \u00e9t\u00e9 engag\u00e9e en 2019 par l&rsquo;<a href=\"https:\/\/ecolereflexotherapie.ch\/\">Ecole Romande de R\u00e9flexoth\u00e9rapie<\/a> (ERR) dans un premier temps pour compl\u00e9ter l&rsquo;\u00e9quipe enseignante. Suite \u00e0 diff\u00e9rentes r\u00e9orientations personnelles, je mets \u00e0 profit mes comp\u00e9tences et ma motivation au sein du comit\u00e9 directeur en tant que secr\u00e9taire de l&rsquo;\u00e9cole.<\/p>\n\n\n\n<p>A l&rsquo;origine de mon parcours professionnel actuel, j&rsquo;ai choisi de m&rsquo;orienter dans les soins infirmiers, ce qui m&rsquo;a permis d&rsquo;acqu\u00e9rir de solides connaissances d&rsquo;anatomo-physio-pathologie. Mon dipl\u00f4me en poche, mon chemin de vie prend une autre direction que celui envisag\u00e9 au d\u00e9but de mes \u00e9tudes et c&rsquo;est avec beaucoup d&rsquo;amour et d&rsquo;attention que je me consacre pleinement \u00e0 ma vie de famille et \u00e0 nos quatre enfants qui nous rejoignent au fil des ans. <\/p>\n\n\n\n<p>Bien que les ann\u00e9es passent, mon int\u00e9r\u00eat pour tout ce qui se rapporte aux soins est toujours bien pr\u00e9sent et ne demande qu&rsquo;\u00e0 s&rsquo;exprimer d&rsquo;une autre mani\u00e8re que de retourner dans une structure hospitali\u00e8re. Comme je porte une attention particuli\u00e8re \u00e0 la nature et \u00e0 ses bienfaits, je me tourne tout naturellement vers l&rsquo;herboristerie. Apr\u00e8s une premi\u00e8re approche de d\u00e9couverte des plantes m\u00e9dicinales par les ateliers de l&rsquo;herboriste de l&rsquo;<a href=\"http:\/\/www.alchemille.swiss\">Ecole de plantes m\u00e9dicinales L&rsquo;Alch\u00e9mille<\/a>, \u00e0 Sion (VS), je choisis de me former de mani\u00e8re plus compl\u00e8te et obtiens en 2016 mon dipl\u00f4me de <strong>Technicienne en herboristerie<\/strong>. M\u00eame si ce dernier ne m&rsquo;autorise pas la prescription de traitements phytoth\u00e9rapeutiques, les apprentissages re\u00e7us m&rsquo;ont apport\u00e9 de bonnes connaissances sur les plantes m\u00e9dicinales et leurs usages (indications, pr\u00e9cautions, contre-indications). Je continue \u00e0 collaborer avec cette \u00e9cole, pour laquelle j&rsquo;ai un tr\u00e8s grand attachement depuis 2014. En effet je fais partie depuis cette date de l&rsquo;\u00e9quipe cuisine d&rsquo;un stage de botanique et gal\u00e9nique \u00e0 Evol\u00e8ne (cuisine locale, aux plantes sauvages et v\u00e9g\u00e9tarienne durant une semaine), d&rsquo;abord en tant qu&rsquo;aide-cuisine et depuis 2 ans comme co-cuisini\u00e8re responsable.<\/p>\n\n\n\n<h3 class=\"wp-block-heading\">Formation continue<\/h3>\n\n\n\n<p>Depuis l&rsquo;obtention de mon dipl\u00f4me de r\u00e9flexologue en 2012, je me suis engag\u00e9e vis-\u00e0-vis de mes client-es et des organismes auxquels j&rsquo;ai adh\u00e9r\u00e9 \u00e0 suivre r\u00e9guli\u00e8rement des formations continues afin de parfaire mes connaissances, d&rsquo;acqu\u00e9rir de nouveaux apprentissages et de me tenir inform\u00e9e des nouveaut\u00e9s dans le domaine de la r\u00e9flexoth\u00e9rapie, et plus r\u00e9cemment de la th\u00e9rapie compl\u00e9mentaire.<\/p>\n\n\n\n<h4 class=\"wp-block-heading\"><em>Journ\u00e9es suivies :<\/em><\/h4>\n\n\n\n<p>en 2023:<\/p>\n\n\n\n<ul class=\"wp-block-list\">\n<li><strong>R\u00e9flexoth\u00e9rapie am\u00e9rindienne<\/strong>, 1 jour &#8211; pr\u00e9vu<\/li>\n\n\n\n<li><strong>Pr\u00e9paration aux examens de th\u00e9rapeute compl\u00e9mentaire avec dipl\u00f4me f\u00e9d\u00e9ral<\/strong>, 2 jours<\/li>\n\n\n\n<li><strong>Supervision\/Intervision<\/strong>, 1 jour (groupe)<\/li>\n\n\n\n<li><strong>Drainage lymphatique au travers des zones r\u00e9flexes plantaires<\/strong>, 3 jours<\/li>\n<\/ul>\n\n\n\n<p>en 2022 :<\/p>\n\n\n\n<ul class=\"wp-block-list\">\n<li><strong>D\u00e9ontologie et Sant\u00e9 int\u00e9grative &#8211;<\/strong> <strong>Responsabilit\u00e9 et r\u00f4le professionnel, pouvoir structurant des limites et des r\u00e8gles<\/strong>, 3h (supervision de groupe)<\/li>\n\n\n\n<li><strong>D\u00e9ontologie et Sant\u00e9 int\u00e9grative &#8211; Conflit d&rsquo;int\u00e9r\u00eats dans l&rsquo;action th\u00e9rapeutique<\/strong>, 3h (supervision de groupe)<\/li>\n\n\n\n<li><strong>D\u00e9ontologie et Sant\u00e9 int\u00e9grative &#8211; La r\u00e9mun\u00e9ration et l&rsquo;\u00e9change d&rsquo;argent, 3h<\/strong> (supervision de groupe)<\/li>\n\n\n\n<li><strong>D\u00e9ontologie et Sant\u00e9 int\u00e9grative &#8211; La bienveillance, le non jugement et l&rsquo;alliance th\u00e9rapeutique: Potentiels et d\u00e9fis,<\/strong> 3h (supervision de groupe)<\/li>\n\n\n\n<li><strong>D\u00e9ontologie et Sant\u00e9 int\u00e9grative &#8211; Limites et r\u00e8gles, responsabilit\u00e9 et r\u00f4le professionnel,<\/strong> 3h (supervision de groupe)<\/li>\n\n\n\n<li><strong>Supervision individuel<\/strong><\/li>\n\n\n\n<li><strong>17\u00e8me Forum ASCA \u00ab\u00a0Le sommeil et ses troubles &#8211; approches scientifiques et th\u00e9rapeutiques\u00a0\u00bb<\/strong><\/li>\n\n\n\n<li><strong>R\u00e9flexoth\u00e9rapie et structures du pied en lien avec le corps et sa posture<\/strong><\/li>\n<\/ul>\n\n\n\n<p>en 2021 :<\/p>\n\n\n\n<ul class=\"wp-block-list\">\n<li><strong>R\u00e9flexologie du c\u00f4lon,<\/strong> 1 jour<\/li>\n\n\n\n<li><strong>R\u00e9flexoth\u00e9rapie et cycle th\u00e9rapeutique en cas de diab\u00e8te et de trouble du d\u00e9ficit de l&rsquo;attention\/hyperactivit\u00e9<\/strong>, 1 jour<\/li>\n\n\n\n<li><strong>R\u00e9flexoth\u00e9rapie et cycle th\u00e9rapeutique, troubles du syst\u00e8me digestif, microbiote<\/strong>&nbsp;, 1 jour<\/li>\n\n\n\n<li><strong>COVID-19 : Pr\u00e9vention, traitement, covid long en MTC et MTE<\/strong>, 2h<\/li>\n\n\n\n<li><strong>D\u00e9ontologie et Sant\u00e9 int\u00e9grative &#8211; Identification et utilisation ad\u00e9quate de l&rsquo;hypersensibilit\u00e9 de l&rsquo;hyper-empathie<\/strong>, 3h<\/li>\n\n\n\n<li><\/li>\n<\/ul>\n\n\n\n<p>en 2020 :<\/p>\n\n\n\n<ul class=\"wp-block-list\">\n<li><\/li>\n\n\n\n<li><strong>R\u00e9flexologie et utilisation des 25 sels de Sch\u00fcssler<\/strong>, 1 jour<\/li>\n\n\n\n<li><strong>Auriculoth\u00e9rapie et r\u00e9flexoth\u00e9rapie, <\/strong>3 jours<\/li>\n\n\n\n<li><strong>Zones r\u00e9flexes corporelles selon Chapman<\/strong> <strong>&#8211; Approfondissement<\/strong>, 2 jours<\/li>\n<\/ul>\n\n\n\n<p>en 2019 :<\/p>\n\n\n\n<ul class=\"wp-block-list\">\n<li><strong><em>Gu\u00e9rir, les facettes d&rsquo;un th\u00e8me<\/em><\/strong> (Congr\u00e8s RME &#8211; B\u00e2le), 1 jour<\/li>\n\n\n\n<li><strong>R\u00e9flexologie et les zones cutan\u00e9es correspondant aux 38 rem\u00e8des du Dr Bach<\/strong>, 1 jour<\/li>\n\n\n\n<li><strong>Technique de base des syst\u00e8mes lymphatique et endocrinien et r\u00e9vision de la technique g\u00e9n\u00e9rale de r\u00e9flexologie plantaire<\/strong>, 3 jour<\/li>\n\n\n\n<li><strong>R\u00e9flexologie et les m\u00e9ridiens<\/strong>, 1 jour<\/li>\n\n\n\n<li><strong>Zones r\u00e9flexes corporelles selon Chapman<\/strong>, 3 jours<\/li>\n\n\n\n<li><strong>R\u00e9vision des techniques de base et cycle th\u00e9rapeutique professionnel<\/strong>, 1 jour<\/li>\n\n\n\n<li><strong>R\u00e9flexologie et traitement des cicatrices<\/strong>, 1 jour<\/li>\n\n\n\n<li><strong>Le <em>Burnout et le r\u00f4le du th\u00e9rapeute<\/em><\/strong> (Forum ASCA &#8211; Lausanne), 1 jour<\/li>\n<\/ul>\n\n\n\n<p>en 2018 :<\/p>\n\n\n\n<ul class=\"wp-block-list\">\n<li><strong>Utilisation des huiles essentielles en r\u00e9flexologie<\/strong>, 3 jours<\/li>\n\n\n\n<li><strong>Cours Tarif 590<\/strong> (ASCA), 3h<\/li>\n\n\n\n<li><strong>Projet et d\u00e9veloppement professionnel en Suisse<\/strong>, 3h<\/li>\n\n\n\n<li><strong>Psychologie de l&rsquo;enfance et de l&rsquo;adolescence<\/strong>, 1 jour<\/li>\n\n\n\n<li><strong>Intervision &#8211; Supervision<\/strong>, 2 jours (en groupe)<\/li>\n<\/ul>\n\n\n\n<p>en 2017 :<\/p>\n\n\n\n<ul class=\"wp-block-list\">\n<li><strong>Congr\u00e8s international de R\u00e9flexologie<\/strong> (Lausanne), 2 jours<\/li>\n\n\n\n<li><strong>Atelier pratique: r\u00e9flexologie appliqu\u00e9e aux fondements de la m\u00e9decine chinoise<\/strong>, 1 jour<\/li>\n\n\n\n<li><strong>Urgences et premiers secours<\/strong>, 1 jour<\/li>\n\n\n\n<li><strong>Intervision &#8211; Supervision<\/strong>, 1 jour (en groupe)<\/li>\n<\/ul>\n\n\n\n<p>en 2016 :<\/p>\n\n\n\n<ul class=\"wp-block-list\">\n<li><strong>L&rsquo;avenir, c&rsquo;est nos enfants \/ Education-Nutrition-Immunit\u00e9-TDHA<\/strong> (Ecole de nutrition holistique), 1 jour<\/li>\n\n\n\n<li><strong>L&rsquo;installation et le travail en cabinet<\/strong>, 1 jour<\/li>\n\n\n\n<li><strong>Drainage lymphatique manuel par la r\u00e9flexologie<\/strong>, 3 jours <\/li>\n<\/ul>\n\n\n\n<p>en 2015 :<\/p>\n\n\n\n<ul class=\"wp-block-list\">\n<li><strong>R\u00e9flexoth\u00e9rapie et la structure du pied<\/strong> (Ortho-Bionomy\u00ae), 3 jour<\/li>\n\n\n\n<li><strong>Phytoth\u00e9rapie C\u00e9r\u00e8s &#8211; traiter de mani\u00e8re douce et efficace<\/strong>, Dr Jos\u00e9 Garcia, 1h30<\/li>\n\n\n\n<li><strong>Accompagner les deuils de la vie<\/strong>, 1 jour<\/li>\n<\/ul>\n\n\n\n<p>en 2014 :<\/p>\n\n\n\n<ul class=\"wp-block-list\">\n<li><strong>R\u00e9flexologie et oligoth\u00e9rapie<\/strong>, 1 jour <\/li>\n\n\n\n<li><strong>Troubles de l&rsquo;\u00e9quilibre et de m\u00e9moire chez la personne \u00e2g\u00e9e et allergie chez l&rsquo;enfant<\/strong>, 1 jour<\/li>\n<\/ul>\n\n\n\n<p>en 2013 :<\/p>\n\n\n\n<ul class=\"wp-block-list\">\n<li><strong>R\u00e9flexologie et aromath\u00e9rapie<\/strong>, 1 jour<\/li>\n\n\n\n<li><strong>R\u00e9flexologie de la main<\/strong> (niveau I), 1 jour<\/li>\n<\/ul>\n\n\n\n<p>en 2011 :<\/p>\n\n\n\n<ul class=\"wp-block-list\">\n<li><strong>Ateliers de l&rsquo;herboriste<\/strong>, Ecole de plantes m\u00e9dicinales L&rsquo;Alch\u00e9mille, 8 jours<\/li>\n\n\n\n<li><strong>Gyn\u00e9cologie naturopathique<\/strong>, Ecole de plantes m\u00e9dicinales L&rsquo;Alch\u00e9mille, 2 jours<\/li>\n<\/ul>\n","protected":false},"excerpt":{"rendered":"<p>J&rsquo;ai ouvert mon cabinet de r\u00e9flexoth\u00e9rapie en 2012, apr\u00e8s l&rsquo;obtention de mon certificat de r\u00e9flexologue \u00e0 AGIR &#8211; Association genevoise des infirmi\u00e8res r\u00e9flexologues. En 2015, cette derni\u00e8re et deux autres associations romandes d&rsquo;infirmi\u00e8res r\u00e9flexologues ont fusionn\u00e9 pour cr\u00e9er Pro R\u00e9flexo,&#8230; <a class=\"more-link\" href=\"https:\/\/www.reflexopieds.ch\/index.php\/mon-parcours\/\">Continue Reading &rarr;<\/a><\/p>\n","protected":false},"author":1,"featured_media":0,"parent":0,"menu_order":2,"comment_status":"closed","ping_status":"closed","template":"","meta":{"jetpack_post_was_ever_published":false,"footnotes":""},"class_list":["post-33","page","type-page","status-publish","hentry"],"jetpack_sharing_enabled":true,"jetpack_shortlink":"https:\/\/wp.me\/P8owQl-x","jetpack-related-posts":[{"id":132,"url":"https:\/\/www.reflexopieds.ch\/index.php\/ethique-professionnelle\/","url_meta":{"origin":33,"position":0},"title":"Ethique professionnelle","author":"Sarah Roth","date":"23 f\u00e9vrier 2017","format":false,"excerpt":"En qualit\u00e9 de\u00a0reflexoth\u00e9rapeute, je souhaite une collaboration avec mes clients bas\u00e9e sur la confiance et empreinte de\u00a0respect mutuel. Je m'engage donc envers ma client\u00e8le\u00a0\u00e0 : vous garantir\u00a0le secret professionnel qui incombe \u00e0 ma fonction ; respecter votre int\u00e9grit\u00e9 physique et morale\u00a0; veiller \u00e0 votre s\u00e9curit\u00e9 dans mon cabinet lors d'un\u2026","rel":"","context":"Article similaire","block_context":{"text":"Article similaire","link":""},"img":{"alt_text":"","src":"","width":0,"height":0},"classes":[]},{"id":19,"url":"https:\/\/www.reflexopieds.ch\/index.php\/la-reflexologie\/","url_meta":{"origin":33,"position":1},"title":"La R\u00e9flexoth\u00e9rapie","author":"admin8769","date":"11 f\u00e9vrier 2017","format":false,"excerpt":"La r\u00e9flexoth\u00e9rapie est une technique th\u00e9rapeutique ancestrale, compl\u00e9mentaire \u00e0 la m\u00e9decine traditionnelle. Elle fait partie depuis 2016 des Th\u00e9rapies compl\u00e9mentaires reconnues par l'OrTra TC, qui d\u00e9livre un Dipl\u00f4me f\u00e9d\u00e9ral en Th\u00e9rapie compl\u00e9mentaire. La R\u00e9flexoth\u00e9rapie permet de soutenir les processus d\u2019auto-gu\u00e9rison et d'auto-r\u00e9gulation de l'organisme avec un regard holistique sur la\u2026","rel":"","context":"Article similaire","block_context":{"text":"Article similaire","link":""},"img":{"alt_text":"","src":"","width":0,"height":0},"classes":[]},{"id":16,"url":"https:\/\/www.reflexopieds.ch\/","url_meta":{"origin":33,"position":2},"title":"Accueil","author":"admin8769","date":"11 f\u00e9vrier 2017","format":false,"excerpt":"Bienvenue\u00a0! LE CABINET EST ACTUELLEMENT FERM\u00c9 POUR RAISONS M\u00c9DICALES. MERCI DE VOTRE COMPR\u00c9HENSION ! Je suis heureuse de vous accueillir sur le site de mon cabinet. En vous y promenant, vous avez la possibilit\u00e9 d'obtenir des informations sur la r\u00e9flexoth\u00e9rapie en g\u00e9n\u00e9ral, la description de mon cabinet et sa localisation,\u2026","rel":"","context":"Article similaire","block_context":{"text":"Article similaire","link":""},"img":{"alt_text":"","src":"","width":0,"height":0},"classes":[]},{"id":91,"url":"https:\/\/www.reflexopieds.ch\/index.php\/la-reflexologie\/historique\/","url_meta":{"origin":33,"position":3},"title":"Historique","author":"Sarah Roth","date":"20 f\u00e9vrier 2017","format":false,"excerpt":"Cette technique trouverait son origine durant l'Antiquit\u00e9 en Egypte et en Chine. Ce n'est qu'au XIXe si\u00e8cle qu'elle se d\u00e9veloppe en Occident gr\u00e2ce aux recherches de scientifiques, m\u00e9decins,\u00a0infirmi\u00e8res et autres th\u00e9rapeutes. A force de pratique et d'observation, ils ont\u00a0repr\u00e9sent\u00e9 nos organes, leurs fonctions et notre squelette sur et sous nos\u2026","rel":"","context":"Article similaire","block_context":{"text":"Article similaire","link":""},"img":{"alt_text":"","src":"","width":0,"height":0},"classes":[]},{"id":35,"url":"https:\/\/www.reflexopieds.ch\/index.php\/tarifs\/","url_meta":{"origin":33,"position":4},"title":"Tarifs","author":"admin8769","date":"11 f\u00e9vrier 2017","format":false,"excerpt":"Prix de la s\u00e9ance (env. 50-60 minutes) : 110.- chf\/h Les consultations se payent comptant ou par twint en fin de s\u00e9ance. Tarifs sp\u00e9ciaux : 1\u00e8re s\u00e9ance avec anamn\u00e8se approfondie (d'une dur\u00e9e de plus de 90 minutes) : 140.- chf Enfants jusqu'\u00e0 16 ans : 90.- chf\/h Remboursement par les\u2026","rel":"","context":"Article similaire","block_context":{"text":"Article similaire","link":""},"img":{"alt_text":"","src":"","width":0,"height":0},"classes":[]},{"id":28,"url":"https:\/\/www.reflexopieds.ch\/index.php\/le-cabinet\/","url_meta":{"origin":33,"position":5},"title":"Le cabinet","author":"admin8769","date":"11 f\u00e9vrier 2017","format":false,"excerpt":"Vue int\u00e9rieure du cabinet Mon cabinet se situe \u00e0 la rue d'Oche 3a, \u00e0 Martigny, dans un quartier r\u00e9sidentiel calme, entour\u00e9 de verdure, \u00e0 5 minutes \u00e0 pied du centre-ville et \u00e0 15 minutes de la gare.\u00a0 Vous acc\u00e9dez au cabinet en tournant \u00e0 droite \u00e0 l'angle de la maison\u2026","rel":"","context":"Article similaire","block_context":{"text":"Article similaire","link":""},"img":{"alt_text":"","src":"https:\/\/i0.wp.com\/www.reflexopieds.ch\/wp-content\/uploads\/2017\/02\/IMG_5463.jpg?resize=350%2C200&ssl=1","width":350,"height":200,"srcset":"https:\/\/i0.wp.com\/www.reflexopieds.ch\/wp-content\/uploads\/2017\/02\/IMG_5463.jpg?resize=350%2C200&ssl=1 1x, https:\/\/i0.wp.com\/www.reflexopieds.ch\/wp-content\/uploads\/2017\/02\/IMG_5463.jpg?resize=525%2C300&ssl=1 1.5x, https:\/\/i0.wp.com\/www.reflexopieds.ch\/wp-content\/uploads\/2017\/02\/IMG_5463.jpg?resize=700%2C400&ssl=1 2x, https:\/\/i0.wp.com\/www.reflexopieds.ch\/wp-content\/uploads\/2017\/02\/IMG_5463.jpg?resize=1050%2C600&ssl=1 3x, https:\/\/i0.wp.com\/www.reflexopieds.ch\/wp-content\/uploads\/2017\/02\/IMG_5463.jpg?resize=1400%2C800&ssl=1 4x"},"classes":[]}],"_links":{"self":[{"href":"https:\/\/www.reflexopieds.ch\/index.php\/wp-json\/wp\/v2\/pages\/33"}],"collection":[{"href":"https:\/\/www.reflexopieds.ch\/index.php\/wp-json\/wp\/v2\/pages"}],"about":[{"href":"https:\/\/www.reflexopieds.ch\/index.php\/wp-json\/wp\/v2\/types\/page"}],"author":[{"embeddable":true,"href":"https:\/\/www.reflexopieds.ch\/index.php\/wp-json\/wp\/v2\/users\/1"}],"replies":[{"embeddable":true,"href":"https:\/\/www.reflexopieds.ch\/index.php\/wp-json\/wp\/v2\/comments?post=33"}],"version-history":[{"count":15,"href":"https:\/\/www.reflexopieds.ch\/index.php\/wp-json\/wp\/v2\/pages\/33\/revisions"}],"predecessor-version":[{"id":289,"href":"https:\/\/www.reflexopieds.ch\/index.php\/wp-json\/wp\/v2\/pages\/33\/revisions\/289"}],"wp:attachment":[{"href":"https:\/\/www.reflexopieds.ch\/index.php\/wp-json\/wp\/v2\/media?parent=33"}],"curies":[{"name":"wp","href":"https:\/\/api.w.org\/{rel}","templated":true}]}}