{"id":35,"date":"2017-02-11T16:02:10","date_gmt":"2017-02-11T15:02:10","guid":{"rendered":"http:\/\/reflexopieds.ch\/?page_id=35"},"modified":"2023-11-24T20:13:46","modified_gmt":"2023-11-24T19:13:46","slug":"tarifs","status":"publish","type":"page","link":"https:\/\/www.reflexopieds.ch\/index.php\/tarifs\/","title":{"rendered":"Tarifs"},"content":{"rendered":"\n<h3 class=\"wp-block-heading\">Prix de la s\u00e9ance (env. 50-60 minutes) : 110.- chf\/h<\/h3>\n\n\n\n<p>Les consultations se payent comptant ou par twint en fin de s\u00e9ance.<\/p>\n\n\n\n<h4 class=\"wp-block-heading\">Tarifs sp\u00e9ciaux<strong> : <\/strong><\/h4>\n\n\n\n<p>1\u00e8re s\u00e9ance avec anamn\u00e8se approfondie (d&rsquo;une dur\u00e9e de plus de 90 minutes) : 140.- chf <\/p>\n\n\n\n<p>Enfants jusqu&rsquo;\u00e0 16 ans : 90.- chf\/h<\/p>\n\n\n\n<p><\/p>\n\n\n\n<h3 class=\"wp-block-heading\">Remboursement par les caisses-maladie<\/h3>\n\n\n\n<p>Je suis reconnue par l&rsquo;<a href=\"http:\/\/www.asca.ch\/\">ASCA<\/a> (Fondation suisse pour les m\u00e9decines compl\u00e9mentaires) et le <a href=\"https:\/\/rme.ch\/\">RME<\/a> (Registre de m\u00e9decine empirique. Le remboursement de mes prestations d\u00e9pend du type d&rsquo;assurance compl\u00e9mentaire que vous avez souscrit. <\/p>\n\n\n\n<p><strong>Il est important de vous renseigner pr\u00e9alablement aupr\u00e8s de votre caisse-maladie, pour savoir si mes prestations sont couvertes par votre contrat d&rsquo;assurance compl\u00e9mentaire.<\/strong><\/p>\n\n\n\n<p>L&rsquo;adh\u00e9sion \u00e0 ces deux organismes me permettent une reconnaissance de la part des assurances maladies de la liste suivante : <\/p>\n\n\n\n<p>Agrisano (Agri nat\u00fcrlich et Agri-spezial), Aquilana, Assura (Natura\/SR3), Atupri, AXA, Caisses maladie de Birchmeier\/Einsiedler\/SLKK\/Steffisburg\/Visperterminen\/W\u00e4denswil, Concordia, CSS, EGK*, FKB, Groupe Mutuel (Avenir\/Philos\/Easy Sana\/Mutuel\/AMB), Helsana (Sana, Completa, Completa extra, Top), Innova, Intras, KMU, KPT, \u00d6KK, Rhenusana, Sanavals, Sanitas (&amp; Wincare), Sodalis (Sana, Sana plus et Spitalversicherung), Sumiswalder, Swica, Sympany (Vivao et Move), Visana (yc. Galenos), Vita surselva Ilanz.<\/p>\n\n\n\n<p>*pour les personnes affili\u00e9es \u00e0 l&rsquo;EGK (LCA), merci de m&rsquo;en informer pour que je prenne les dispositions n\u00e9cessaires pour le remboursement de mes s\u00e9ances.<\/p>\n\n\n\n<h3 class=\"wp-block-heading\">Bons cadeaux<\/h3>\n\n\n\n<p>Des bons cadeaux sont disponibles sur demande. <\/p>\n\n\n\n<p>Ils sont valable pour une personne d\u00e9j\u00e0 cliente du cabinet R\u00e9flexopieds ou une personne ne connaissant pas ou peu la r\u00e9flexologie. Leur validit\u00e9 est d&rsquo;une ann\u00e9e et demi, prolongeable sur demande. Le bon est transmissible.<\/p>\n\n\n\n<ul class=\"wp-block-list\">\n<li><span style=\"text-decoration: underline;\">Offert \u00e0 une personne cliente du cabinet<\/span> : cette derni\u00e8re b\u00e9n\u00e9ficiera d&rsquo;une s\u00e9ance gratuite, non facturable \u00e0 l&rsquo;assurance.<\/li>\n\n\n\n<li><span style=\"text-decoration: underline;\">Offert \u00e0 un nouveau client du cabinet <\/span>: celui-ci b\u00e9n\u00e9ficiera d&rsquo;une s\u00e9ance de r\u00e9flexologie plantaire \u00ab\u00a0d\u00e9couverte\u00a0\u00bb (60 min.), pr\u00e9c\u00e9d\u00e9e d&rsquo;une anamn\u00e8se succincte permettant de garantir sa s\u00e9curit\u00e9. Dans le cas o\u00f9 un suivi th\u00e9rapeutique est envisag\u00e9, la s\u00e9ance suivante sera factur\u00e9e au prix de \u00ab\u00a01\u00e8re s\u00e9ance avec anamn\u00e8se approfondie\u00a0\u00bb, soit 140.- chf.<\/li>\n<\/ul>\n","protected":false},"excerpt":{"rendered":"<p>Prix de la s\u00e9ance (env. 50-60 minutes) : 110.- chf\/h Les consultations se payent comptant ou par twint en fin de s\u00e9ance. Tarifs sp\u00e9ciaux : 1\u00e8re s\u00e9ance avec anamn\u00e8se approfondie (d&rsquo;une dur\u00e9e de plus de 90 minutes) : 140.- chf&#8230; <a class=\"more-link\" href=\"https:\/\/www.reflexopieds.ch\/index.php\/tarifs\/\">Continue Reading &rarr;<\/a><\/p>\n","protected":false},"author":1,"featured_media":0,"parent":0,"menu_order":5,"comment_status":"closed","ping_status":"closed","template":"","meta":{"jetpack_post_was_ever_published":false,"footnotes":""},"class_list":["post-35","page","type-page","status-publish","hentry"],"jetpack_sharing_enabled":true,"jetpack_shortlink":"https:\/\/wp.me\/P8owQl-z","jetpack-related-posts":[{"id":19,"url":"https:\/\/www.reflexopieds.ch\/index.php\/la-reflexologie\/","url_meta":{"origin":35,"position":0},"title":"La R\u00e9flexoth\u00e9rapie","author":"admin8769","date":"11 f\u00e9vrier 2017","format":false,"excerpt":"La r\u00e9flexoth\u00e9rapie est une technique th\u00e9rapeutique ancestrale, compl\u00e9mentaire \u00e0 la m\u00e9decine traditionnelle. Elle fait partie depuis 2016 des Th\u00e9rapies compl\u00e9mentaires reconnues par l'OrTra TC, qui d\u00e9livre un Dipl\u00f4me f\u00e9d\u00e9ral en Th\u00e9rapie compl\u00e9mentaire. La R\u00e9flexoth\u00e9rapie permet de soutenir les processus d\u2019auto-gu\u00e9rison et d'auto-r\u00e9gulation de l'organisme avec un regard holistique sur la\u2026","rel":"","context":"Article similaire","block_context":{"text":"Article similaire","link":""},"img":{"alt_text":"","src":"","width":0,"height":0},"classes":[]},{"id":16,"url":"https:\/\/www.reflexopieds.ch\/","url_meta":{"origin":35,"position":1},"title":"Accueil","author":"admin8769","date":"11 f\u00e9vrier 2017","format":false,"excerpt":"Bienvenue\u00a0! LE CABINET EST ACTUELLEMENT FERM\u00c9 POUR RAISONS M\u00c9DICALES. MERCI DE VOTRE COMPR\u00c9HENSION ! Je suis heureuse de vous accueillir sur le site de mon cabinet. En vous y promenant, vous avez la possibilit\u00e9 d'obtenir des informations sur la r\u00e9flexoth\u00e9rapie en g\u00e9n\u00e9ral, la description de mon cabinet et sa localisation,\u2026","rel":"","context":"Article similaire","block_context":{"text":"Article similaire","link":""},"img":{"alt_text":"","src":"","width":0,"height":0},"classes":[]},{"id":108,"url":"https:\/\/www.reflexopieds.ch\/index.php\/la-reflexologie\/pour-qui-2\/","url_meta":{"origin":35,"position":2},"title":"A qui s&rsquo;adresse-t-elle ?","author":"Sarah Roth","date":"21 f\u00e9vrier 2017","format":false,"excerpt":"La R\u00e9flexologie s'adresse \u00e0 toute personne d\u00e9sirant am\u00e9liorer sa sant\u00e9 en douceur et s'octroyer un moment de d\u00e9tente, de l'enfant en bas \u00e2ge \u00e0 la personne \u00e2g\u00e9e. Enfants Les enfants sont particuli\u00e8rement r\u00e9ceptifs aux massages sous les pieds. Ils en retirent en g\u00e9n\u00e9ral un grand b\u00e9n\u00e9fice. On peut traiter de\u2026","rel":"","context":"Article similaire","block_context":{"text":"Article similaire","link":""},"img":{"alt_text":"","src":"","width":0,"height":0},"classes":[]},{"id":21,"url":"https:\/\/www.reflexopieds.ch\/index.php\/la-reflexologie\/pour-qui\/","url_meta":{"origin":35,"position":3},"title":"Indications","author":"admin8769","date":"11 f\u00e9vrier 2017","format":false,"excerpt":"La r\u00e9flexologie permet d'am\u00e9liorer l'\u00e9tat de sant\u00e9 g\u00e9n\u00e9ral de la personne, de r\u00e9\u00e9quilibrer le fonctionnement du corps humain, de favoriser son auto-gu\u00e9rison et d'apporter une grande d\u00e9tente. Cette technique peut s'utiliser pour les troubles suivants : douleurs articulaires ou musculaires ;\u00a0troubles digestifs (constipation, diarrh\u00e9e, aigreur, difficult\u00e9 de digestion, ...) ;migraines,\u2026","rel":"","context":"Article similaire","block_context":{"text":"Article similaire","link":""},"img":{"alt_text":"","src":"","width":0,"height":0},"classes":[]},{"id":91,"url":"https:\/\/www.reflexopieds.ch\/index.php\/la-reflexologie\/historique\/","url_meta":{"origin":35,"position":4},"title":"Historique","author":"Sarah Roth","date":"20 f\u00e9vrier 2017","format":false,"excerpt":"Cette technique trouverait son origine durant l'Antiquit\u00e9 en Egypte et en Chine. Ce n'est qu'au XIXe si\u00e8cle qu'elle se d\u00e9veloppe en Occident gr\u00e2ce aux recherches de scientifiques, m\u00e9decins,\u00a0infirmi\u00e8res et autres th\u00e9rapeutes. A force de pratique et d'observation, ils ont\u00a0repr\u00e9sent\u00e9 nos organes, leurs fonctions et notre squelette sur et sous nos\u2026","rel":"","context":"Article similaire","block_context":{"text":"Article similaire","link":""},"img":{"alt_text":"","src":"","width":0,"height":0},"classes":[]},{"id":33,"url":"https:\/\/www.reflexopieds.ch\/index.php\/mon-parcours\/","url_meta":{"origin":35,"position":5},"title":"Mon parcours","author":"admin8769","date":"11 f\u00e9vrier 2017","format":false,"excerpt":"J'ai ouvert mon cabinet de r\u00e9flexoth\u00e9rapie en 2012, apr\u00e8s l'obtention de mon certificat de r\u00e9flexologue \u00e0 AGIR - Association genevoise des infirmi\u00e8res r\u00e9flexologues. En 2015, cette derni\u00e8re et deux autres associations romandes d'infirmi\u00e8res r\u00e9flexologues ont fusionn\u00e9 pour cr\u00e9er Pro R\u00e9flexo, Association des Professionnels de sant\u00e9 pratiquant la R\u00e9flexoth\u00e9rapie, dont je\u2026","rel":"","context":"Article similaire","block_context":{"text":"Article similaire","link":""},"img":{"alt_text":"","src":"","width":0,"height":0},"classes":[]}],"_links":{"self":[{"href":"https:\/\/www.reflexopieds.ch\/index.php\/wp-json\/wp\/v2\/pages\/35"}],"collection":[{"href":"https:\/\/www.reflexopieds.ch\/index.php\/wp-json\/wp\/v2\/pages"}],"about":[{"href":"https:\/\/www.reflexopieds.ch\/index.php\/wp-json\/wp\/v2\/types\/page"}],"author":[{"embeddable":true,"href":"https:\/\/www.reflexopieds.ch\/index.php\/wp-json\/wp\/v2\/users\/1"}],"replies":[{"embeddable":true,"href":"https:\/\/www.reflexopieds.ch\/index.php\/wp-json\/wp\/v2\/comments?post=35"}],"version-history":[{"count":18,"href":"https:\/\/www.reflexopieds.ch\/index.php\/wp-json\/wp\/v2\/pages\/35\/revisions"}],"predecessor-version":[{"id":293,"href":"https:\/\/www.reflexopieds.ch\/index.php\/wp-json\/wp\/v2\/pages\/35\/revisions\/293"}],"wp:attachment":[{"href":"https:\/\/www.reflexopieds.ch\/index.php\/wp-json\/wp\/v2\/media?parent=35"}],"curies":[{"name":"wp","href":"https:\/\/api.w.org\/{rel}","templated":true}]}}