{"id":66,"date":"2017-02-11T18:17:47","date_gmt":"2017-02-11T17:17:47","guid":{"rendered":"http:\/\/reflexopieds.ch\/?page_id=66"},"modified":"2023-11-24T22:56:46","modified_gmt":"2023-11-24T21:56:46","slug":"contact","status":"publish","type":"page","link":"https:\/\/www.reflexopieds.ch\/index.php\/contact\/","title":{"rendered":"Pour me contacter"},"content":{"rendered":"\n<p>Vous pouvez me contacter pour un renseignement au <strong>077 471 09 39<\/strong> ou gr\u00e2ce au formulaire ci-dessous.<\/p>\n\n\n\n<p>N&rsquo;h\u00e9sitez pas \u00e0 me contacter si vous avez des questions !<\/p>\n\n\n\n<div class=\"wpcf7 no-js\" id=\"wpcf7-f69-o1\" lang=\"fr-FR\" dir=\"ltr\">\n<div class=\"screen-reader-response\"><p role=\"status\" aria-live=\"polite\" aria-atomic=\"true\"><\/p> <ul><\/ul><\/div>\n<form action=\"\/index.php\/wp-json\/wp\/v2\/pages\/66#wpcf7-f69-o1\" method=\"post\" class=\"wpcf7-form init\" aria-label=\"Formulaire de contact\" novalidate=\"novalidate\" data-status=\"init\">\n<div style=\"display: none;\">\n<input type=\"hidden\" name=\"_wpcf7\" value=\"69\" \/>\n<input type=\"hidden\" name=\"_wpcf7_version\" value=\"5.9.8\" \/>\n<input type=\"hidden\" name=\"_wpcf7_locale\" value=\"fr_FR\" \/>\n<input type=\"hidden\" name=\"_wpcf7_unit_tag\" value=\"wpcf7-f69-o1\" \/>\n<input type=\"hidden\" name=\"_wpcf7_container_post\" value=\"0\" \/>\n<input type=\"hidden\" name=\"_wpcf7_posted_data_hash\" value=\"\" \/>\n<input type=\"hidden\" name=\"_wpcf7_recaptcha_response\" value=\"\" \/>\n<\/div>\n<p><label> Votre nom (obligatoire)<br \/>\n<span class=\"wpcf7-form-control-wrap\" data-name=\"your-name\"><input size=\"40\" maxlength=\"400\" class=\"wpcf7-form-control wpcf7-text wpcf7-validates-as-required\" aria-required=\"true\" aria-invalid=\"false\" value=\"\" type=\"text\" name=\"your-name\" \/><\/span> <\/label>\n<\/p>\n<p><label> Votre e-mail (obligatoire)<br \/>\n<span class=\"wpcf7-form-control-wrap\" data-name=\"your-email\"><input size=\"40\" maxlength=\"400\" class=\"wpcf7-form-control wpcf7-email wpcf7-validates-as-required wpcf7-text wpcf7-validates-as-email\" aria-required=\"true\" aria-invalid=\"false\" value=\"\" type=\"email\" name=\"your-email\" \/><\/span> <\/label>\n<\/p>\n<p><label> Sujet<br \/>\n<span class=\"wpcf7-form-control-wrap\" data-name=\"your-subject\"><input size=\"40\" maxlength=\"400\" class=\"wpcf7-form-control wpcf7-text\" aria-invalid=\"false\" value=\"Demande d&#039;informations pour le cabinet Reflexopieds\" type=\"text\" name=\"your-subject\" \/><\/span> <\/label>\n<\/p>\n<p><label> Votre message<br \/>\n<span class=\"wpcf7-form-control-wrap\" data-name=\"your-message\"><textarea cols=\"40\" rows=\"10\" maxlength=\"2000\" class=\"wpcf7-form-control wpcf7-textarea\" aria-invalid=\"false\" name=\"your-message\"><\/textarea><\/span> <\/label>\n<\/p>\n\n<p><input class=\"wpcf7-form-control wpcf7-submit has-spinner\" type=\"submit\" value=\"Envoyer\" \/>\n<\/p><p style=\"display: none !important;\" class=\"akismet-fields-container\" data-prefix=\"_wpcf7_ak_\"><label>&#916;<textarea name=\"_wpcf7_ak_hp_textarea\" cols=\"45\" rows=\"8\" maxlength=\"100\"><\/textarea><\/label><input type=\"hidden\" id=\"ak_js_1\" name=\"_wpcf7_ak_js\" value=\"110\"\/><script>document.getElementById( \"ak_js_1\" ).setAttribute( \"value\", ( new Date() ).getTime() );<\/script><\/p><div class=\"wpcf7-response-output\" aria-hidden=\"true\"><\/div>\n<\/form>\n<\/div>\n\n","protected":false},"excerpt":{"rendered":"<p>Vous pouvez me contacter pour un renseignement au 077 471 09 39 ou gr\u00e2ce au formulaire ci-dessous. N&rsquo;h\u00e9sitez pas \u00e0 me contacter si vous avez des questions !<\/p>\n","protected":false},"author":2,"featured_media":0,"parent":0,"menu_order":6,"comment_status":"closed","ping_status":"closed","template":"","meta":{"jetpack_post_was_ever_published":false,"footnotes":""},"class_list":["post-66","page","type-page","status-publish","hentry"],"jetpack_sharing_enabled":true,"jetpack_shortlink":"https:\/\/wp.me\/P8owQl-14","jetpack-related-posts":[{"id":28,"url":"https:\/\/www.reflexopieds.ch\/index.php\/le-cabinet\/","url_meta":{"origin":66,"position":0},"title":"Le cabinet","author":"admin8769","date":"11 f\u00e9vrier 2017","format":false,"excerpt":"Vue int\u00e9rieure du cabinet Mon cabinet se situe \u00e0 la rue d'Oche 3a, \u00e0 Martigny, dans un quartier r\u00e9sidentiel calme, entour\u00e9 de verdure, \u00e0 5 minutes \u00e0 pied du centre-ville et \u00e0 15 minutes de la gare.\u00a0 Vous acc\u00e9dez au cabinet en tournant \u00e0 droite \u00e0 l'angle de la maison\u2026","rel":"","context":"Article similaire","block_context":{"text":"Article similaire","link":""},"img":{"alt_text":"","src":"https:\/\/i0.wp.com\/www.reflexopieds.ch\/wp-content\/uploads\/2017\/02\/IMG_5463.jpg?resize=350%2C200&ssl=1","width":350,"height":200,"srcset":"https:\/\/i0.wp.com\/www.reflexopieds.ch\/wp-content\/uploads\/2017\/02\/IMG_5463.jpg?resize=350%2C200&ssl=1 1x, https:\/\/i0.wp.com\/www.reflexopieds.ch\/wp-content\/uploads\/2017\/02\/IMG_5463.jpg?resize=525%2C300&ssl=1 1.5x, https:\/\/i0.wp.com\/www.reflexopieds.ch\/wp-content\/uploads\/2017\/02\/IMG_5463.jpg?resize=700%2C400&ssl=1 2x, https:\/\/i0.wp.com\/www.reflexopieds.ch\/wp-content\/uploads\/2017\/02\/IMG_5463.jpg?resize=1050%2C600&ssl=1 3x, https:\/\/i0.wp.com\/www.reflexopieds.ch\/wp-content\/uploads\/2017\/02\/IMG_5463.jpg?resize=1400%2C800&ssl=1 4x"},"classes":[]},{"id":16,"url":"https:\/\/www.reflexopieds.ch\/","url_meta":{"origin":66,"position":1},"title":"Accueil","author":"admin8769","date":"11 f\u00e9vrier 2017","format":false,"excerpt":"Bienvenue\u00a0! LE CABINET EST ACTUELLEMENT FERM\u00c9 POUR RAISONS M\u00c9DICALES. MERCI DE VOTRE COMPR\u00c9HENSION ! Je suis heureuse de vous accueillir sur le site de mon cabinet. En vous y promenant, vous avez la possibilit\u00e9 d'obtenir des informations sur la r\u00e9flexoth\u00e9rapie en g\u00e9n\u00e9ral, la description de mon cabinet et sa localisation,\u2026","rel":"","context":"Article similaire","block_context":{"text":"Article similaire","link":""},"img":{"alt_text":"","src":"","width":0,"height":0},"classes":[]},{"id":19,"url":"https:\/\/www.reflexopieds.ch\/index.php\/la-reflexologie\/","url_meta":{"origin":66,"position":2},"title":"La R\u00e9flexoth\u00e9rapie","author":"admin8769","date":"11 f\u00e9vrier 2017","format":false,"excerpt":"La r\u00e9flexoth\u00e9rapie est une technique th\u00e9rapeutique ancestrale, compl\u00e9mentaire \u00e0 la m\u00e9decine traditionnelle. Elle fait partie depuis 2016 des Th\u00e9rapies compl\u00e9mentaires reconnues par l'OrTra TC, qui d\u00e9livre un Dipl\u00f4me f\u00e9d\u00e9ral en Th\u00e9rapie compl\u00e9mentaire. La R\u00e9flexoth\u00e9rapie permet de soutenir les processus d\u2019auto-gu\u00e9rison et d'auto-r\u00e9gulation de l'organisme avec un regard holistique sur la\u2026","rel":"","context":"Article similaire","block_context":{"text":"Article similaire","link":""},"img":{"alt_text":"","src":"","width":0,"height":0},"classes":[]},{"id":21,"url":"https:\/\/www.reflexopieds.ch\/index.php\/la-reflexologie\/pour-qui\/","url_meta":{"origin":66,"position":3},"title":"Indications","author":"admin8769","date":"11 f\u00e9vrier 2017","format":false,"excerpt":"La r\u00e9flexologie permet d'am\u00e9liorer l'\u00e9tat de sant\u00e9 g\u00e9n\u00e9ral de la personne, de r\u00e9\u00e9quilibrer le fonctionnement du corps humain, de favoriser son auto-gu\u00e9rison et d'apporter une grande d\u00e9tente. Cette technique peut s'utiliser pour les troubles suivants : douleurs articulaires ou musculaires ;\u00a0troubles digestifs (constipation, diarrh\u00e9e, aigreur, difficult\u00e9 de digestion, ...) ;migraines,\u2026","rel":"","context":"Article similaire","block_context":{"text":"Article similaire","link":""},"img":{"alt_text":"","src":"","width":0,"height":0},"classes":[]},{"id":35,"url":"https:\/\/www.reflexopieds.ch\/index.php\/tarifs\/","url_meta":{"origin":66,"position":4},"title":"Tarifs","author":"admin8769","date":"11 f\u00e9vrier 2017","format":false,"excerpt":"Prix de la s\u00e9ance (env. 50-60 minutes) : 110.- chf\/h Les consultations se payent comptant ou par twint en fin de s\u00e9ance. Tarifs sp\u00e9ciaux : 1\u00e8re s\u00e9ance avec anamn\u00e8se approfondie (d'une dur\u00e9e de plus de 90 minutes) : 140.- chf Enfants jusqu'\u00e0 16 ans : 90.- chf\/h Remboursement par les\u2026","rel":"","context":"Article similaire","block_context":{"text":"Article similaire","link":""},"img":{"alt_text":"","src":"","width":0,"height":0},"classes":[]},{"id":132,"url":"https:\/\/www.reflexopieds.ch\/index.php\/ethique-professionnelle\/","url_meta":{"origin":66,"position":5},"title":"Ethique professionnelle","author":"Sarah Roth","date":"23 f\u00e9vrier 2017","format":false,"excerpt":"En qualit\u00e9 de\u00a0reflexoth\u00e9rapeute, je souhaite une collaboration avec mes clients bas\u00e9e sur la confiance et empreinte de\u00a0respect mutuel. Je m'engage donc envers ma client\u00e8le\u00a0\u00e0 : vous garantir\u00a0le secret professionnel qui incombe \u00e0 ma fonction ; respecter votre int\u00e9grit\u00e9 physique et morale\u00a0; veiller \u00e0 votre s\u00e9curit\u00e9 dans mon cabinet lors d'un\u2026","rel":"","context":"Article similaire","block_context":{"text":"Article similaire","link":""},"img":{"alt_text":"","src":"","width":0,"height":0},"classes":[]}],"_links":{"self":[{"href":"https:\/\/www.reflexopieds.ch\/index.php\/wp-json\/wp\/v2\/pages\/66"}],"collection":[{"href":"https:\/\/www.reflexopieds.ch\/index.php\/wp-json\/wp\/v2\/pages"}],"about":[{"href":"https:\/\/www.reflexopieds.ch\/index.php\/wp-json\/wp\/v2\/types\/page"}],"author":[{"embeddable":true,"href":"https:\/\/www.reflexopieds.ch\/index.php\/wp-json\/wp\/v2\/users\/2"}],"replies":[{"embeddable":true,"href":"https:\/\/www.reflexopieds.ch\/index.php\/wp-json\/wp\/v2\/comments?post=66"}],"version-history":[{"count":10,"href":"https:\/\/www.reflexopieds.ch\/index.php\/wp-json\/wp\/v2\/pages\/66\/revisions"}],"predecessor-version":[{"id":320,"href":"https:\/\/www.reflexopieds.ch\/index.php\/wp-json\/wp\/v2\/pages\/66\/revisions\/320"}],"wp:attachment":[{"href":"https:\/\/www.reflexopieds.ch\/index.php\/wp-json\/wp\/v2\/media?parent=66"}],"curies":[{"name":"wp","href":"https:\/\/api.w.org\/{rel}","templated":true}]}}